{"id":1978,"date":"2019-06-25T10:57:11","date_gmt":"2019-06-25T08:57:11","guid":{"rendered":"https:\/\/ferienwohnungen-hauser.at.dnjepr.klubarbeit.net\/?page_id=1978"},"modified":"2020-10-22T16:26:25","modified_gmt":"2020-10-22T14:26:25","slug":"contact","status":"publish","type":"page","link":"https:\/\/ferienwohnungen-hauser.at\/nl\/contact\/","title":{"rendered":"contact"},"content":{"rendered":"\n\t<iframe src=\"https:\/\/www.google.com\/maps\/embed\/v1\/place?q=Fr%C3%BChst%C3%BCckspension+und+Ferienwohnungen+Hauser%2C+Unterrotte+89%2C+9963+St.+Jakob+in+Defereggental&#038;key=AIzaSyD09zQ9PNDNNy9TadMuzRV_UsPUoWKntt8\" aria-hidden=\"true\"><\/iframe>\n\t\t<h3>\n\t\t\tcontact\n\t\t<\/h3>\n\t<h4><strong>Voor de inhoud verantwoordelijk<\/strong><\/h4>\n<strong>Fr\u00fchst\u00fcckspension und Ferienwohnungen Hauser<\/strong><br \/>\nUnterrotte 89<br \/>\n9963 St. Jakob in Defereggental<br \/>\n\u00d6sterreich &#8211; Osttirol\n<strong>Tel.:<\/strong> <a href=\"tel:004348735239\">+43 4873 5239<\/a><br \/>\n<strong>Mobiel.:<\/strong> +<a href=\"tel:004306764096335\">43 06764096335<\/a><br \/>\n<strong>Fax.:<\/strong> +<a href=\"fax:004348735158\">43 4873 5158<\/a><br \/>\n<strong>E-mail.:<\/strong> <a title=\"Mail an info@ferienwohnungen-hauser.at\" href=\"mailto:info@ferienwohnungen-hauser.at\">info@ferienwohnungen-hauser.at<\/a>\n<strong>Naam van de bank.:<\/strong> Dolomitenbank<br \/>\n<strong>IBAN.:<\/strong> AT722050700200001964<br \/>\n<strong>BIC.:<\/strong> 0VLIAT21XXX<br \/>\n<strong>UID Nummer.:\u00a0<\/strong> ATU 30729101\n<form >\n    <h3>\n\t\t<\/h3>\n\t\n\t\t\n    \t\t<label for=\"pp-name-\">Naam<\/label>\n    \t\tPlease enter your name.\n    \t\t<input type=\"text\" name=\"pp-name\" id=\"pp-name-\" value=\"\" placeholder=\"Naam\"  \/>\n    \t\t<label for=\"pp-email-\">E-mail<\/label>\n    \t\tPlease enter a valid email.\n    \t\t<input type=\"email\" name=\"pp-email\" id=\"pp-email-\" value=\"\" placeholder=\"E-mail\"  \/>\n    \t\t<label for=\"pp-phone-\">Telefoon<\/label>\n    \t\tPlease enter a valid phone number.\n    \t\t<input type=\"tel\" name=\"pp-phone\" id=\"pp-phone-\" value=\"\" placeholder=\"Telefoon\"  \/>\n    \t\t<label for=\"pp-subject-\">Opzicht<\/label>\n    \t\tPlease enter a subject.\n    \t\t<input type=\"text\" name=\"pp-subject\" id=\"pp-subject-\" value=\"\" placeholder=\"Opzicht\"  \/>\n    \t\t<label for=\"pp-message-\">Bericht<\/label>\n    \t\tPlease enter a message.\n    \t\t<textarea name=\"pp-message\" id=\"pp-message-\" placeholder=\"Bericht\" ><\/textarea>\n    \t<a href=\"#\" target=\"_self\" role=\"button\" rel=\"noopener noreferrer\">\n    \t\t    \t\t    \t\tSturen\n    \t\t    \t\t    \t<\/a>\n\t\t\tMessage failed. Please try again.\n<\/form>\n  <p>Bedankt voor je bericht! We nemen snel contact met u op.<\/p>\n\t\t<h3>\n\t\t\tAnfahrt\n\t\t<\/h3>\n\t<style>\n    \/*******\/\n.kommen-form input  {\n\tdisplay:inline-block;\n\tborder-radius:0;\n\tborder:1px solid #ccc;\n\tmargin:5px;\n\theight:42px;\n\twidth:calc(100% - 270px);\n\tbackground:#fff;\n}\n.kommen-form .submit{\n\tcolor:#fff;\n\twidth:250px;\n\theight:40px;\n\tmargin:5!important;\n\tborder:none;\n\ttext-transform:uppercase;\n\tletter-spacing:2px;\n}\n.kommen-form .submit:hover{\n\tborder:none;\n\tcolor:#fff;\n}\n@media(max-width:768px){\n.kommen-form input  {\n\twidth:100%;\n}\n.kommen-form .submit{\nwidth:100%!important;\n}\n}\n\/********************\/\n<\/style>\n<form action=\"http:\/\/maps.google.com\/maps\" method=\"get\" target=\"_new\">\n  <input type=\"hidden\" name=\"daddr\" value=\"Unterrotte 89, 9963 St. Jakob in Defereggental, \u00d6sterreich\">\n<input type=\"hidden\" name=\"ie\" value=\"UTF8\"><input type=\"hidden\" name=\"hl\" value=\"de\">\n<input type=\"text\" name=\"saddr\" placeholder=\"Hoe bij ons te komen | Routeplanning vanaf uw adres\"><input type=\"submit\" value=\"Bereken route\">\n<\/form>\n\t<p><strong>Met de auto naar St. Jakob, Defereggental (Oostenrijk)<\/strong><\/p>\n<p>uit Wenen: op de snelweg tot aan de richting van Graz &#8211; Klagenfurt &#8211; Villach &#8211; Spittal &#8211; dan is de Drautalbundesstrasse weg &#8211; Lienz &#8211; Huben &#8211; links in het Defereggental &#8211; St. Jakob of via de west snelweg richting Linz, Salzburg naar Bischofshofen, Zell am See, Mittersill, Felbertauern, Huben &#8211; rechtsaf naar Defereggental &#8211; St. Jakob.<\/p>\n<p>Vanuit Duitsland: via M\u00fcnchen, verder op de snelweg richting Kiefersfelden \/ Kufstein, bij Kufstein S\u00fcd verlaat u de snelweg. Rijd verder richting Kufstein, Kitzb\u00fchel, Mittersil, Felbertauernstrasse of tunnel tot Huben. In Huben slaat u rechtsaf het Defereggental in. Onze huizen liggen direct in het centrum van St. Jakob, aan de hoofdweg. Vanuit Zwitserland: Feldkirch &#8211; Landeck &#8211; Innsbruck &#8211; W\u00f6rgl &#8211; St. Johann &#8211; Kitzb\u00fchel &#8211; Felbertauern &#8211; Huben &#8211; links in het Defereggental &#8211; St. Jakob.<\/p>\n<p>Onze huizen liggen in het centrum van St. Jakob in Defereggental<\/p>\n\t<p><strong>Aankomst in St. Jakob in het Defereggental<\/strong><\/p>\n<a href=\"http:\/\/anreise.osttirol.com\/\">http:\/\/anreise.osttirol.com\/<\/a><br \/>\n<a href=\"http:\/\/www.felbertauernstrasse.at\/de\/\">http:\/\/www.felbertauernstrasse.at\/de\/<\/a>\n<p><strong>Trein dienstregeling \u00d6BB<\/strong><\/p>\n<p><a href=\"http:\/\/fahrplan.oebb.at\/\">http:\/\/fahrplan.oebb.at\/<\/a><\/p>\n<p><strong>Met het vliegtuig:<\/strong><\/p>\n<ul>\n<li>Vliegveld Klagenfurt: ca. 150 km<\/li>\n<li>Vliegveld Innsbruck: ca. 200 km<\/li>\n<li>Vliegveld van Salzburg: ca. 200 km<\/li>\n<li><a href=\"http:\/\/www.skycheck.de\/\">http:\/\/www.skycheck.de\/<\/a><\/li>\n<\/ul>\n","protected":false},"excerpt":{"rendered":"<p>contact Voor de inhoud verantwoordelijk Fr\u00fchst\u00fcckspension und Ferienwohnungen Hauser Unterrotte 89 9963 St. Jakob in Defereggental \u00d6sterreich &#8211; Osttirol Tel.: +43 4873 5239 Mobiel.: +43 06764096335 Fax.: +43 4873 5158 E-mail.: info@ferienwohnungen-hauser.at Naam van de bank.: Dolomitenbank IBAN.: AT722050700200001964 BIC.: 0VLIAT21XXX UID Nummer.:\u00a0 ATU 30729101 Naam Please enter your name. E-mail Please enter a valid&hellip;<\/p>\n","protected":false},"author":4,"featured_media":0,"parent":0,"menu_order":0,"comment_status":"closed","ping_status":"closed","template":"","meta":{"footnotes":""},"class_list":["post-1978","page","type-page","status-publish","hentry"],"_links":{"self":[{"href":"https:\/\/ferienwohnungen-hauser.at\/nl\/wp-json\/wp\/v2\/pages\/1978","targetHints":{"allow":["GET"]}}],"collection":[{"href":"https:\/\/ferienwohnungen-hauser.at\/nl\/wp-json\/wp\/v2\/pages"}],"about":[{"href":"https:\/\/ferienwohnungen-hauser.at\/nl\/wp-json\/wp\/v2\/types\/page"}],"author":[{"embeddable":true,"href":"https:\/\/ferienwohnungen-hauser.at\/nl\/wp-json\/wp\/v2\/users\/4"}],"replies":[{"embeddable":true,"href":"https:\/\/ferienwohnungen-hauser.at\/nl\/wp-json\/wp\/v2\/comments?post=1978"}],"version-history":[{"count":3,"href":"https:\/\/ferienwohnungen-hauser.at\/nl\/wp-json\/wp\/v2\/pages\/1978\/revisions"}],"predecessor-version":[{"id":3002,"href":"https:\/\/ferienwohnungen-hauser.at\/nl\/wp-json\/wp\/v2\/pages\/1978\/revisions\/3002"}],"wp:attachment":[{"href":"https:\/\/ferienwohnungen-hauser.at\/nl\/wp-json\/wp\/v2\/media?parent=1978"}],"curies":[{"name":"wp","href":"https:\/\/api.w.org\/{rel}","templated":true}]}}