{"id":2130,"date":"2019-06-26T00:11:56","date_gmt":"2019-06-25T22:11:56","guid":{"rendered":"https:\/\/ferienwohnungen-hauser.at.dnjepr.klubarbeit.net\/?page_id=2130"},"modified":"2019-06-28T12:18:01","modified_gmt":"2019-06-28T10:18:01","slug":"attivita","status":"publish","type":"page","link":"https:\/\/ferienwohnungen-hauser.at\/it\/attivita\/","title":{"rendered":"attivit\u00e0"},"content":{"rendered":"\n\t\t<h3>\n\t\t\tAttivit\u00e0\n\t\t<\/h3>\n\t\t\t\t<img decoding=\"async\" src=\"https:\/\/ferienwohnungen-hauser.at\/wp-content\/uploads\/2019\/06\/FAMILIE-HAUSER-APPARTEMENTS-zimmer-20-2.jpg\" alt=\"FAMILIE HAUSER APPARTEMENTS-zimmer (20)\" \/>\n\t\t<h3>Nella casa<\/h3>\n\t\t\t<p>La nostra area sauna ha un effetto liberatorio per il corpo e per l&#8217;anima ed \u00e8 a disposizione dei nostri ospiti su prenotazione tra le 16.00 e le 19.00.Fate volare le palline nella sala da ping-pong e rifate il pieno di vigore sugli attrezzi ginnici per staccare la spina dalla vita quotidiana.Naturalmente per i nostri piccoli ospiti sono a disposizione una sala giochi, seggioloni e lettini.<\/p>\t\t\n\t\t\t<a href=\"\/it\/attivita\/estate\/\" target=\"_self\" rel=\"noopener noreferrer\">\n\t\t\t\t<img decoding=\"async\" src=\"https:\/\/ferienwohnungen-hauser.at\/wp-content\/uploads\/2019\/06\/C-Bj\u00f6rn-Lauen-1290.jpg\" alt=\"C Bj\u00f6rn Lauen 1290\" \/>\n\t\t<h3>Estate<\/h3>\n\t\t\t<p>La destinazione per la vacanza a nord delle Alpi di Defereggen \u00e8 fiera della sua natura intatta e incontaminata, lontana dal turismo di massa:qui si vede l&#8217;aquila reale, si assapora il latticello fresco di malga e ci si lascia viziare dalla cordialit\u00e0 della famiglia Hauser sulla terrazza sud delle Alpi.<\/p>\t\t\n\t\t<\/a>\n\t\t\t<a href=\"\/aktivitaeten\/jagd\/\" target=\"_self\" rel=\"noopener noreferrer\">\n\t\t\t\t<img decoding=\"async\" src=\"https:\/\/ferienwohnungen-hauser.at\/wp-content\/uploads\/2019\/06\/ferienwohnungen-hauser.at-bogensport_osttirol_lehrer_JAGD-1.jpg\" alt=\"ferienwohnungen-hauser.at-bogensport_osttirol_lehrer_JAGD\" \/>\n\t\t<h3>Caccia<\/h3>\n\t\t\t<p>Buona caccia nella pensione con colazione e negli appartamenti per vacanze HauserAmpi prati sopra e sotto il limite boschivo danno una nota particolare ad una partita di caccia nel massiccio di Defereggen.Grazie ad accompagnatori specializzati e all&#8217;accortezza dei nostri guardiacacciala vista della selvaggina anche alla luce del sole non solo non \u00e8 una rarit\u00e0, bens\u00ec fa&#8230;<\/p>\t\t\n\t\t<\/a>\n\t\t\t<a href=\"\/it\/attivita\/inverno\/\" target=\"_self\" rel=\"noopener noreferrer\">\n\t\t\t\t<img decoding=\"async\" src=\"https:\/\/ferienwohnungen-hauser.at\/wp-content\/uploads\/2019\/06\/tu57.jpg\" alt=\"tu57\" \/>\n\t\t<h3>In inverno<\/h3>\n\t\t\t<p>Sci, slittino, snowboard, sci di fondo, tour. Per gli amanti dello snowboard, il Brunnalm, sicuro di neve, \u00e8 una vera sfida.Per gli scialpinisti il Defereggental \u00e8 il luogo ideale e di conseguenza estremamente popolare. Ecco alcuni consigli sugli sci alpinismo &#8230;<\/p>\t\t\n\t\t<\/a>\n","protected":false},"excerpt":{"rendered":"<p>Attivit\u00e0 Nella casa La nostra area sauna ha un effetto liberatorio per il corpo e per l&#8217;anima ed \u00e8 a disposizione dei nostri ospiti su prenotazione tra le 16.00 e le 19.00.Fate volare le palline nella sala da ping-pong e rifate il pieno di vigore sugli attrezzi ginnici per staccare la spina dalla vita quotidiana.Naturalmente&hellip;<\/p>\n","protected":false},"author":4,"featured_media":0,"parent":0,"menu_order":0,"comment_status":"closed","ping_status":"closed","template":"","meta":{"footnotes":""},"class_list":["post-2130","page","type-page","status-publish","hentry"],"_links":{"self":[{"href":"https:\/\/ferienwohnungen-hauser.at\/it\/wp-json\/wp\/v2\/pages\/2130","targetHints":{"allow":["GET"]}}],"collection":[{"href":"https:\/\/ferienwohnungen-hauser.at\/it\/wp-json\/wp\/v2\/pages"}],"about":[{"href":"https:\/\/ferienwohnungen-hauser.at\/it\/wp-json\/wp\/v2\/types\/page"}],"author":[{"embeddable":true,"href":"https:\/\/ferienwohnungen-hauser.at\/it\/wp-json\/wp\/v2\/users\/4"}],"replies":[{"embeddable":true,"href":"https:\/\/ferienwohnungen-hauser.at\/it\/wp-json\/wp\/v2\/comments?post=2130"}],"version-history":[{"count":3,"href":"https:\/\/ferienwohnungen-hauser.at\/it\/wp-json\/wp\/v2\/pages\/2130\/revisions"}],"predecessor-version":[{"id":2591,"href":"https:\/\/ferienwohnungen-hauser.at\/it\/wp-json\/wp\/v2\/pages\/2130\/revisions\/2591"}],"wp:attachment":[{"href":"https:\/\/ferienwohnungen-hauser.at\/it\/wp-json\/wp\/v2\/media?parent=2130"}],"curies":[{"name":"wp","href":"https:\/\/api.w.org\/{rel}","templated":true}]}}