{"id":2119,"date":"2019-06-25T23:47:52","date_gmt":"2019-06-25T21:47:52","guid":{"rendered":"https:\/\/ferienwohnungen-hauser.at.dnjepr.klubarbeit.net\/?page_id=2119"},"modified":"2019-06-25T23:52:05","modified_gmt":"2019-06-25T21:52:05","slug":"inverno","status":"publish","type":"page","link":"https:\/\/ferienwohnungen-hauser.at\/it\/attivita\/inverno\/","title":{"rendered":"Inverno"},"content":{"rendered":"\n\t\t\t\t<img loading=\"lazy\" decoding=\"async\" src=\"https:\/\/ferienwohnungen-hauser.at.dnjepr.klubarbeit.net\/wp-content\/uploads\/2019\/06\/ferienwohnungen-hauser-nature-8.jpg\" alt=\"ferienwohnungen-hauser-nature (8)\" itemprop=\"image\" height=\"500\" width=\"1350\" title=\"ferienwohnungen-hauser-nature (8)\" onerror=\"this.style.display='none'\"  \/>\n\t\t<h3>\n\t\t\tInverno\n\t\t<\/h3>\n\t\t<p>Sci, slittino, snowboard, sci di fondo, tourPer gli amanti dello snowboard, il Brunnalm, sicuro di neve, \u00e8 una vera sfida. Per gli scialpinisti il Defereggental \u00e8 il luogo ideale e di conseguenza estremamente popolare. Ecco alcuni consigli per gli scialpinisti. Pista per slittini Alpe Stalle: La pista per slittini Alpe Stalle Lunghezza 1,5 km. Salita da Maria Hilf in un&#8217;ora, la pista per slittini \u00e8 illuminata dappertutto.<\/p>\t\n\t\t\t\t\t\tSci\n\t\t\t<p>Per gli sciatori la Brunnalm con la neve garantita \u00e8 una vera e propria sfida.<\/p>\n<p>Grazie alle condizioni atmosferiche e all&#8217;altitudine, la valle laterale del Tirolo Orientale guadagna punti con la neve del tutto sicura da novembre ad aprile. La Brunnalm a St. Jakob nella Defereggental \u00e8 un&#8217;area sciistica perfetta per le famiglie. Ben 52 chilmetri di divertenti discese tenute con cura offrono a genitori e bambini un comprensorio sciistico ideale.<\/p>\n<p>Anche il comfort viene scritto a caratteri cubitali: con nuove seggiovie, come la seggiovia a sei posti con tettoia, i fan degli sci raggiungono le piste in modo ancora pi\u00f9 comodo e veloce.<\/p>\n\t\t\t\t\t\tSlitte\n\t\t\t<p>Pista per slitte Alpe Stalle:<\/p>\n<p>La pista per slitte Alpe Stalle \u00e8 lunga 1,5 chilometri.<br \/>Partenza da Maria Hilf in un&#8217;ora, la pista \u00e8 sempre illuminata.<\/p>\n<p>Pista per slitte per bambini Oberweissen:<\/p>\n<p>Lunghezza 600 metri, noleggio gratuito delle slitte direttamente presso il rifugio Oberweissen Hittl, salita in dieci minuti.<\/p>\n<p>Pista per slitte Leppetal:<\/p>\n<p>Lunghezza 1,6 chilometri, in parte illuminata, salita passando per Bruggen\/ Kasselplatz o il rifugio Alzenburnnh\u00fctte in 45 minuti circa.<\/p>\n\t\t\t\t\t\tSnowboarding\n<p>Sempre pi\u00f9 St. Jakob avanza a punto centrale per lo snowboard nel Tirolo Orientale. Amato punto d&#8217;incontro \u00e8 il funpark. Qui gli snowboarder si lanciano in grandi salti su hip, wave, wall e rail.<\/p>\n<p>Naturalmente anche i free rider trovano pane per i loro denti perch\u00e9 grazie alla neve sicura si ha sempre il terreno migliore sotto i piedi.<\/p>\n\t\t\t\t\t\tSci di fondo\n\t\t\t<p>Il grande segreto per tutti i fan dello sci di fondo.<\/p>\n<p>La rete di piste nella Defereggental si contraddistingue in modo particolare per la neve garantita dalla fine di novembre alla fine di aprile.<\/p>\n<p>Che si presti particolare attenzione alla cura ottimale delle piste lo confermano tutti quelli che le hanno gi\u00e0 &#8220;sperimentate&#8221;<\/p>\n<p>Tutti i gradi di difficolt\u00e0 attendono gli entusiasti dello sci di fondo.<\/p>\n<p>Ma anche gli escursionisti sugli sci sono incantati dalla bellezza naturale di prati e boschi sotto il manto di neve.<\/p>\n<p><strong>Pista di fondo in quota al Passo Stalle<\/strong><\/p>\n<p>Un elemento di spicco particolare lo sportivo lo trova sulle piste di fondo in quota al Passo Stalle (2.000m).<\/p>\n<p>L&#8217;altopiano soleggiato e dal clima del tutto favorevole offre un panorama sensazionale.<\/p>\n<p>La pista in quota al Passo Stalle consente divertimento sugli sci di fondo ad oltre 2.000 m. s.l.m. in un incantevole percorso circolare con tutti i gradi di diffocolt\u00e0. Punto di partenza \u00e8 il rifugio Lackenst\u00fcberl, raggiungibile anche con la navetta gratuita.<\/p>\n<p>La pista inizia in leggera salita sul fondovalle settentrionale, porta poi con una breve salita fino al Zollhaus, costeggia il lago Obersee sul lato sud fino al rifugio (solo apertura estiva) e conduce a un sentiero in salita fino al confine di Stato (2.055m).<\/p>\n<p>Gli sciatori allenati raggiungono l&#8217;altopiano con un magnifico panorama percorrendo una via molto erta e su un sentiero altrettanto ripido in discesa tornano al confine di Stato e parallelamente al sentiero fino al punto di partenza.<\/p>\n\t\t\t\t\t\tScialpinismo\n\t\t\t<p>La valle Defereggental \u00e8 il posto ideale anche per lo scialpinismo e di conseguenza molto amata. Qui alcuni percorsi.<\/p>\n<p>Percorso, altitudine, difficolt\u00e0, punto di partenza, durata del percorso<\/p>\n<p>* <strong>Almerhorn<\/strong>, 2.986 m, media, dal Passo Stalle, 3,5 ore\u00a0<br \/>* <strong>Hinterbergkofel<\/strong>, 2.727 m, facile, dal Passo Stalle, 3,5 ore<br \/>* <strong>Innerrodelkunke<\/strong>, 2.729 m, facile, dal Passo Stalle, 2,5 ore\u00a0<br \/>* <strong>Pfannhorn<\/strong>, 2.819 m, Mittel, dal Passo Stalle\/Gr\u00fchnb\u00fchel, 3 ore\u00a0<br \/>*<strong> Rote Wand<\/strong>, 2.818 m, facile, dal Passo Stalle, 4,5 ore\u00a0<br \/>* <strong>Hochleitenspitze<\/strong>, 2.877 m, facile, dalla stazione a monte degli impianti di risalita della Brunnalm, 2,5 ore\u00a0<br \/>* <strong>Leppleskofel<\/strong>, 2.811 m, media, dalla stazione a monte degli impianti di risalita della\u00a0Brunnalm, 1 ora\u00a0<br \/>*<strong> Gasser Horn,<\/strong> 2.612 m, media, da T\u00f6gisch, 3 ore\u00a0<br \/>* <strong>Stampfleskofel<\/strong>, 3.071 m, media, da St. Jakob\/paese, 6 ore\u00a0<br \/>* <strong>Kauschkahorn<\/strong>, 2.903 m, facile, da Innerberg, 4 ore\u00a0<br \/>* <strong>Hochgall<\/strong>, 3.435 m, difficile, da Erlsbach, 8 ore\u00a0<br \/>* <strong>Kahorn<\/strong>, 2.692 m, media, da Maria Hilf, 4 ore\u00a0<br \/>* <strong>Hochkreuz<\/strong>, 2.739 m, media, da Maria Hilf, 4,5 ore<\/p>\n","protected":false},"excerpt":{"rendered":"<p>Inverno Sci, slittino, snowboard, sci di fondo, tourPer gli amanti dello snowboard, il Brunnalm, sicuro di neve, \u00e8 una vera sfida. Per gli scialpinisti il Defereggental \u00e8 il luogo ideale e di conseguenza estremamente popolare. Ecco alcuni consigli per gli scialpinisti. Pista per slittini Alpe Stalle: La pista per slittini Alpe Stalle Lunghezza 1,5 km.&hellip;<\/p>\n","protected":false},"author":4,"featured_media":0,"parent":2130,"menu_order":0,"comment_status":"closed","ping_status":"closed","template":"","meta":{"footnotes":""},"class_list":["post-2119","page","type-page","status-publish","hentry"],"_links":{"self":[{"href":"https:\/\/ferienwohnungen-hauser.at\/it\/wp-json\/wp\/v2\/pages\/2119","targetHints":{"allow":["GET"]}}],"collection":[{"href":"https:\/\/ferienwohnungen-hauser.at\/it\/wp-json\/wp\/v2\/pages"}],"about":[{"href":"https:\/\/ferienwohnungen-hauser.at\/it\/wp-json\/wp\/v2\/types\/page"}],"author":[{"embeddable":true,"href":"https:\/\/ferienwohnungen-hauser.at\/it\/wp-json\/wp\/v2\/users\/4"}],"replies":[{"embeddable":true,"href":"https:\/\/ferienwohnungen-hauser.at\/it\/wp-json\/wp\/v2\/comments?post=2119"}],"version-history":[{"count":2,"href":"https:\/\/ferienwohnungen-hauser.at\/it\/wp-json\/wp\/v2\/pages\/2119\/revisions"}],"predecessor-version":[{"id":2121,"href":"https:\/\/ferienwohnungen-hauser.at\/it\/wp-json\/wp\/v2\/pages\/2119\/revisions\/2121"}],"up":[{"embeddable":true,"href":"https:\/\/ferienwohnungen-hauser.at\/it\/wp-json\/wp\/v2\/pages\/2130"}],"wp:attachment":[{"href":"https:\/\/ferienwohnungen-hauser.at\/it\/wp-json\/wp\/v2\/media?parent=2119"}],"curies":[{"name":"wp","href":"https:\/\/api.w.org\/{rel}","templated":true}]}}