{"id":2071,"date":"2019-06-25T22:00:50","date_gmt":"2019-06-25T20:00:50","guid":{"rendered":"https:\/\/ferienwohnungen-hauser.at.dnjepr.klubarbeit.net\/?page_id=2071"},"modified":"2019-06-25T22:01:30","modified_gmt":"2019-06-25T20:01:30","slug":"caccia","status":"publish","type":"page","link":"https:\/\/ferienwohnungen-hauser.at\/it\/attivita\/caccia\/","title":{"rendered":"Caccia"},"content":{"rendered":"\n\t\t<h3>\n\t\t\tCaccia\n\t\t<\/h3>\n\t\t<p><strong>Buona caccia nella pensione con colazione e negli appartamenti per vacanze Hauser!<\/strong>Ampie superfici prative sotto e sopra il limite dei boschi caratterizzano una partita di caccia nella valle Deferegger.Grazie all&#8217;accompagnamento adeguato e all&#8217;accortezza dei nostri guardiacaccia, la vista della selvaggina anche alla luce del giorno non \u00e8 solo una rarit\u00e0, bens\u00ec fa parte delle consuetudini delle nostre uscite di caccia.\u00a0<ul><li>Vivete con noi la natura incontaminata e il suggestivo panorama delle malghe della valle Defereggen.<\/li><li>Emozioni a caccia di caprioli, camosci, cervi, fagiani o marmotte in una partita in alta quota.<\/li><li>Per praticare la caccia nella nostra riserva \u00e8 necessario per legge un permesso di caccia valido.<\/li><\/ul>Dato che io stesso sono cacciatore, vi posso accompagnare o organizzare un accompagnamento per la vostra caccia.<br \/>Buona caccia<br \/><a title=\"www.jagd-stjakob.at\" href=\"http:\/\/www.jagd-stjakob.at\/\" target=\"_blank\" rel=\"noopener noreferrer\">www.jagd-stjakob.at<\/a><\/p>\t\n","protected":false},"excerpt":{"rendered":"<p>Caccia Buona caccia nella pensione con colazione e negli appartamenti per vacanze Hauser!Ampie superfici prative sotto e sopra il limite dei boschi caratterizzano una partita di caccia nella valle Deferegger.Grazie all&#8217;accompagnamento adeguato e all&#8217;accortezza dei nostri guardiacaccia, la vista della selvaggina anche alla luce del giorno non \u00e8 solo una rarit\u00e0, bens\u00ec fa parte delle&hellip;<\/p>\n","protected":false},"author":4,"featured_media":0,"parent":2130,"menu_order":0,"comment_status":"closed","ping_status":"closed","template":"","meta":{"footnotes":""},"class_list":["post-2071","page","type-page","status-publish","hentry"],"_links":{"self":[{"href":"https:\/\/ferienwohnungen-hauser.at\/it\/wp-json\/wp\/v2\/pages\/2071","targetHints":{"allow":["GET"]}}],"collection":[{"href":"https:\/\/ferienwohnungen-hauser.at\/it\/wp-json\/wp\/v2\/pages"}],"about":[{"href":"https:\/\/ferienwohnungen-hauser.at\/it\/wp-json\/wp\/v2\/types\/page"}],"author":[{"embeddable":true,"href":"https:\/\/ferienwohnungen-hauser.at\/it\/wp-json\/wp\/v2\/users\/4"}],"replies":[{"embeddable":true,"href":"https:\/\/ferienwohnungen-hauser.at\/it\/wp-json\/wp\/v2\/comments?post=2071"}],"version-history":[{"count":2,"href":"https:\/\/ferienwohnungen-hauser.at\/it\/wp-json\/wp\/v2\/pages\/2071\/revisions"}],"predecessor-version":[{"id":2073,"href":"https:\/\/ferienwohnungen-hauser.at\/it\/wp-json\/wp\/v2\/pages\/2071\/revisions\/2073"}],"up":[{"embeddable":true,"href":"https:\/\/ferienwohnungen-hauser.at\/it\/wp-json\/wp\/v2\/pages\/2130"}],"wp:attachment":[{"href":"https:\/\/ferienwohnungen-hauser.at\/it\/wp-json\/wp\/v2\/media?parent=2071"}],"curies":[{"name":"wp","href":"https:\/\/api.w.org\/{rel}","templated":true}]}}