{"id":2034,"date":"2019-06-25T21:49:13","date_gmt":"2019-06-25T19:49:13","guid":{"rendered":"https:\/\/ferienwohnungen-hauser.at.dnjepr.klubarbeit.net\/?page_id=2034"},"modified":"2019-06-28T12:20:05","modified_gmt":"2019-06-28T10:20:05","slug":"home-it","status":"publish","type":"page","link":"https:\/\/ferienwohnungen-hauser.at\/it\/","title":{"rendered":"Home-it"},"content":{"rendered":"\n\t\t<h3>\n\t\t\tBenvenuti nella famiglia Hauser nella valle Defereggental!\n\t\t<\/h3>\n\t\t<p>&#8220;Comfort e intimit\u00e0 nel centro di St. Jakob nella valle Defereggental, lontano dalla strada principale.&#8221;<strong>La famiglia Hauser vi accoglie con un cordiale benvenuto!<\/strong>Un ambiente intimo e tranquillo vi attende nella nostra pensione con colazione e negli appartamenti per le vacanze dove potrete rilassarvi in un&#8217;atmosfera familiare.A St. Jakob nella valle Defereggental &#8211; nota per il suo clima terapeutico &#8211; troverete nella realt\u00e0 tutte le immagini che sono collegate all&#8217;idea di &#8220;paese tirolese di montagna&#8221; cio\u00e8 di &#8220;paese alpino di qualit\u00e0&#8221;. Nel centro di St. Jakob c&#8217;\u00e8 anche un piccolo supermercato con tutto ci\u00f2 che serve, negozi sportivi, bar, ristoranti e un medico con una piccola farmacia.\u00a0<br \/>La fermata per la navetta che porta alle piste da sci dista all&#8217;incirca 150 metri. In cinque minuti potete raggiungere gratuitamente la stazione a valle della Brunnalmtal, cos\u00ec anche la vostra macchina far\u00e0 vacanza. Anche la Camera del Commercio del Tirolo ha conferito le tre stelle alle nostre case.<\/p>\t\n\t\t\t<a href=\"\/it\/la-nostra-casa\/#camere\" target=\"_self\" rel=\"noopener noreferrer\">\n\t\t\t\t<img decoding=\"async\" src=\"https:\/\/ferienwohnungen-hauser.at\/wp-content\/uploads\/2019\/06\/FAMILIE-HAUSER-APPARTEMENTS-zimmer-31-1.jpg\" alt=\"FAMILIE HAUSER APPARTEMENTS-zimmer (31)\" \/>\n\t\t<h3>Camere<\/h3>\n\t\t\t<p>Le nostre camere arredate con gusto offrono tutti i comfort per esaudire i desideri di chi cerca riposo.<\/p>\t\t\n\t\t<\/a>\n\t\t\t<a href=\"\/it\/la-nostra-casa\/#appartamenti\" target=\"_self\" rel=\"noopener noreferrer\">\n\t\t\t\t<img decoding=\"async\" src=\"https:\/\/ferienwohnungen-hauser.at\/wp-content\/uploads\/2019\/06\/FAMILIE-HAUSER-APPARTEMENTS-zimmer-16-2.jpg\" alt=\"FAMILIE HAUSER APPARTEMENTS-zimmer (16)\" \/>\n\t\t<h3>Appartamenti<\/h3>\n\t\t\t<p>Gli appartamenti sono tutti dotati di cucina, zona giorno e zona notte, vasca da bagno o doccia, telefono, TV via cavo, cassaforte&#8230;<\/p>\t\t\n\t\t<\/a>\n\t\t<h3>\n\t\t\tCHE COSA \u00c8 NUOVO\n\t\t<\/h3>\n<link rel='stylesheet' id='ff-dynamic-css2' type='text\/css' href='https:\/\/ferienwohnungen-hauser.at\/wp-content\/resources\/flow-flow\/css\/stream-id2.css?ver=1569397346'\/><!-- Flow-Flow \u2014 Social stream plugin for WordPress -->\n<div class=\"ff-stream\" data-plugin=\"flow_flow\" id=\"ff-stream-2\"><span class=\"ff-loader\"><span class=\"ff-square\" ><\/span><span class=\"ff-square\"><\/span><span class=\"ff-square ff-last\"><\/span><span class=\"ff-square ff-clear\"><\/span><span class=\"ff-square\"><\/span><span class=\"ff-square ff-last\"><\/span><span class=\"ff-square ff-clear\"><\/span><span class=\"ff-square\"><\/span><span class=\"ff-square ff-last\"><\/span><\/span><\/div>\n<svg aria-hidden=\"true\" style=\"position: absolute; width: 0; height: 0; overflow: hidden;\" version=\"1.1\"><defs><symbol id=\"ff-icon-heart\" viewBox=\"0 0 48 48\"><path d=\"M34.6 3.1c-4.5 0-7.9 1.8-10.6 5.6-2.7-3.7-6.1-5.5-10.6-5.5C6 3.1 0 9.6 0 17.6c0 7.3 5.4 12 10.6 16.5.6.5 1.3 1.1 1.9 1.7l2.3 2c4.4 3.9 6.6 5.9 7.6 6.5.5.3 1.1.5 1.6.5s1.1-.2 1.6-.5c1-.6 2.8-2.2 7.8-6.8l2-1.8c.7-.6 1.3-1.2 2-1.7C42.7 29.6 48 25 48 17.6c0-8-6-14.5-13.4-14.5z\"><\/path><\/symbol><\/defs><\/svg>\n<script type=\"text\/javascript\" class=\"ff-stream-inline-js\" id=\"ff-stream-inline-js-2\">\n\n    (function () {\n        var timer, abortTimer;\n\n        timer = setInterval( function() {\n            if ( window.jQuery ) {\n                clearInterval( timer );\n                afterContentArrived( window.jQuery );\n            }\n        }, 67);\n\n        abortTimer = setTimeout( function () {\n\n            if ( !window.jQuery ) {\n                clearInterval( timer );\n                console.log('FLOW-FLOW DEBUG MESSAGE: No jQuery on page, please make sure it is loaded because jQuery is plugin requirement');\n            }\n        }, 20000);\n\n        function afterContentArrived ( $ ) {\n\n            \"use strict\";\n\n            var hash = '';\n\n            var opts = window.FlowFlowOpts || {\"streams\":{},\"open_in_new\":\"yep\",\"filter_all\":\"Tutti i social\",\"filter_search\":\"Cerca\",\"expand_text\":\"Espandi\",\"collapse_text\":\"Scrolla\",\"posted_on\":\"Postato su\",\"followers\":\"Followers\",\"following\":\"Following\",\"posts\":\"Posts\",\"show_more\":\"Mostra altro\",\"date_style\":\"wpStyleDate\",\"dates\":{\"Yesterday\":\"Ieri\",\"s\":\"s\",\"m\":\"m\",\"h\":\"h\",\"ago\":\"fa\",\"months\":[\"Gennaio\",\"Febbraio\",\"Marzo\",\"Aprile\",\"Maggio\",\"Giugno\",\"Luglio\",\"Agosto\",\"Settembre\",\"Ottobre\",\"Novembre\",\"Dicembre\"]},\"lightbox_navigate\":\"Spostarsi con i tasti freccia\",\"view_on\":\"View on\",\"view_on_site\":\"View on site\",\"view_all\":\"View all\",\"comments\":\"comments\",\"scroll\":\"Scroll for more\",\"no_comments\":\"No comments yet.\",\"check_comments\":\"Check all comments\",\"be_first\":\"Be the first!\",\"loading\":\"Loading\",\"server_time\":1777739885,\"forceHTTPS\":\"nope\",\"isAdmin\":false,\"ajaxurl\":\"https:\\\/\\\/ferienwohnungen-hauser.at\\\/wp-admin\\\/admin-ajax.php\",\"isLog\":false,\"plugin_base\":\"https:\\\/\\\/ferienwohnungen-hauser.at\\\/wp-content\\\/plugins\\\/flow-flow\",\"plugin_ver\":\"4.9.72\",\"domain\":\"ferienwohnungen-hauser.at\",\"token\":\"\"};\n\n            var isLS = isLocalStorageNameSupported();\n\n            var FF_resource = window.FF_resource ||\n                {\n                    scriptDeferred: $.Deferred(),\n                    styleDeferred:  $.Deferred(),\n                    scriptLoading: false,\n                    styleLoading: false\n                };\n\n            if ( !window.FF_resource ) window.FF_resource = FF_resource;\n            if ( !window.FlowFlowOpts ) window.FlowFlowOpts = opts;\n\n\t        \n            var data = {\n                'shop': 'ferienwohnungen-hauser.at',\n                'action': 'fetch_posts',\n                'stream-id': '2',\n                'disable-cache': '',\n                'hash': hash,\n                'page': '0',\n                'preview': '0',\n                'token':  '',\n                'boosted': '0'\n            };\n\n            var isMobile = \/android|blackBerry|iphone|ipad|ipod|opera mini|iemobile\/i.test( navigator.userAgent );\n\n            var streamOpts = {\"name\":\"\",\"moderation\":\"nope\",\"order\":\"smartCompare\",\"posts\":\"30\",\"days\":\"\",\"page-posts\":\"15\",\"cache\":\"yep\",\"cache_lifetime\":\"10\",\"gallery\":\"yep\",\"gallery-type\":\"classic\",\"private\":\"nope\",\"hide-on-desktop\":\"nope\",\"hide-on-mobile\":\"nope\",\"max-res\":\"nope\",\"show-only-media-posts\":\"nope\",\"titles\":\"nope\",\"hidemeta\":\"nope\",\"hidetext\":\"nope\",\"heading\":\"\",\"headingcolor\":\"rgb(59, 61, 64)\",\"subheading\":\"\",\"subheadingcolor\":\"rgb(114, 112, 114)\",\"hhalign\":\"center\",\"bgcolor\":\"rgba(240, 240, 240, 0)\",\"filter\":\"yep\",\"filtercolor\":\"rgb(205, 205, 205)\",\"mobileslider\":\"nope\",\"viewportin\":\"yep\",\"width\":\"260\",\"margin\":\"20\",\"layout\":\"carousel\",\"theme\":\"classic\",\"gc-style\":\"style-1\",\"upic-pos\":\"timestamp\",\"upic-style\":\"square\",\"icon-style\":\"label2\",\"cardcolor\":\"rgb(255, 255, 255)\",\"namecolor\":\"rgb(255, 255, 255)\",\"textcolor\":\"rgb(131, 141, 143)\",\"linkscolor\":\"rgb(94, 159, 202)\",\"restcolor\":\"rgb(132, 118, 129)\",\"shadow\":\"rgba(0, 0, 0, 0.05)\",\"bcolor\":\"rgba(25, 25, 40, 0.8)\",\"talign\":\"left\",\"icons-style\":\"fill\",\"cards-num\":\"3\",\"scrolltop\":\"yep\",\"c-desktop\":\"5\",\"c-laptop\":\"4\",\"c-tablet-l\":\"3\",\"c-tablet-p\":\"2\",\"c-smart-l\":\"2\",\"c-smart-p\":\"1\",\"s-desktop\":\"15\",\"s-laptop\":\"15\",\"s-tablet-l\":\"10\",\"s-tablet-p\":\"10\",\"s-smart-l\":\"5\",\"s-smart-p\":\"5\",\"m-c-desktop\":\"5\",\"m-c-laptop\":\"4\",\"m-c-tablet-l\":\"3\",\"m-c-tablet-p\":\"2\",\"m-c-smart-l\":\"2\",\"m-c-smart-p\":\"1\",\"m-s-desktop\":\"15\",\"m-s-laptop\":\"15\",\"m-s-tablet-l\":\"10\",\"m-s-tablet-p\":\"10\",\"m-s-smart-l\":\"5\",\"m-s-smart-p\":\"5\",\"j-h-desktop\":\"260\",\"j-h-laptop\":\"240\",\"j-h-tablet-l\":\"220\",\"j-h-tablet-p\":\"200\",\"j-h-smart-l\":\"180\",\"j-h-smart-p\":\"160\",\"j-s-desktop\":\"0\",\"j-s-laptop\":\"0\",\"j-s-tablet-l\":\"0\",\"j-s-tablet-p\":\"0\",\"j-s-smart-l\":\"0\",\"j-s-smart-p\":\"0\",\"c-r-desktop\":\"2\",\"c-r-laptop\":\"2\",\"c-r-tablet-l\":\"2\",\"c-r-tablet-p\":\"2\",\"c-r-smart-l\":\"1\",\"c-r-smart-p\":\"1\",\"c-c-desktop\":\"3\",\"c-c-laptop\":\"3\",\"c-c-tablet-l\":\"2\",\"c-c-tablet-p\":\"2\",\"c-c-smart-l\":\"2\",\"c-c-smart-p\":\"1\",\"c-s-desktop\":\"0\",\"c-s-laptop\":\"0\",\"c-s-tablet-l\":\"0\",\"c-s-tablet-p\":\"0\",\"c-s-smart-l\":\"0\",\"c-s-smart-p\":\"0\",\"c-arrows-always\":\"yep\",\"c-arrows-mob\":\"yep\",\"c-dots\":\"yep\",\"c-dots-mob\":\"yep\",\"wallvm\":\"20\",\"wallhm\":\"0\",\"wallcomments\":\"yep\",\"g-ratio-w\":\"1\",\"g-ratio-h\":\"2\",\"g-ratio-img\":\"1\\\/2\",\"g-overlay\":\"nope\",\"m-overlay\":\"nope\",\"css\":\"\",\"template\":[\"header\",\"text\",\"image\",\"meta\"],\"tv\":\"nope\",\"tv-int\":\"5\",\"tv-logo\":\"\",\"tv-bg\":\"\",\"big\":\"nope\",\"id\":\"2\",\"last_changes\":1569397346,\"status\":\"1\",\"feeds\":[{\"id\":\"eg31018\",\"errors\":[],\"status\":\"2\",\"enabled\":\"yep\",\"last_update\":\"N\\\/A\",\"cache_lifetime\":\"60\",\"system_enabled\":\"1\",\"boosted\":\"nope\",\"timeline-type\":\"page_timeline\",\"content\":\"471719429562795\",\"posts\":\"10\",\"mod\":\"nope\",\"type\":\"facebook\",\"include\":\"\",\"filter-by-words\":\"\",\"page\":\"1\"}],\"preview\":false};\n            var ads = false;\n\t        streamOpts.shop = data.shop;\n            streamOpts.plugin = 'flow_flow';\n            streamOpts.trueLayout = streamOpts.layout;\n\n            \/*we will modify 'grid' layout to get 'carousel' layout*\/\n            if ( streamOpts.layout == 'carousel' ) {\n                streamOpts['layout'] = 'grid';\n                streamOpts['g-ratio-h'] = \"1\";\n                streamOpts['g-ratio-img'] = \"1\/2\";\n                streamOpts['g-ratio-w'] = \"1\";\n                streamOpts['g-overlay'] = \"yep\";\n                streamOpts['c-overlay'] = \"yep\";\n                streamOpts['s-desktop'] = \"0\";\n                streamOpts['s-laptop'] = \"0\";\n                streamOpts['s-smart-l'] = \"0\";\n                streamOpts['s-smart-p'] = \"0\";\n                streamOpts['s-tablet-l'] = \"0\";\n                streamOpts['s-tablet-p'] = \"0\";\n            }\n            else if ( streamOpts.layout == 'list' ) {  \/*the same with list, we only need news feed style*\/\n                streamOpts['layout'] = 'masonry';\n            }\n\n\t        if ( ads ) streamOpts.ads = ads;\n\n            opts.streams['stream' + streamOpts.id] = streamOpts;\n\n            var $cont = $(\"[data-plugin='flow_flow']#ff-stream-\"+data['stream-id']);\n            var ajaxDeferred;\n            var script, style;\n            var layout_pre = streamOpts.layout.charAt(0);\n            var isOverlay = layout_pre === 'j' || streamOpts[layout_pre + '-overlay'] === 'yep' && streamOpts.trueLayout !== 'list';\n            var imgIndex;\n            if (isOverlay) {\n                if (streamOpts.template[0] !== 'image') {\n                    for (var i = 0, len = streamOpts.template.length; i < len; i++) {\n                        if (streamOpts.template[i] === 'image') imgIndex = i;\n                    }\n                    streamOpts.template.splice(0, 0, streamOpts.template.splice(imgIndex, 1)[0]);\n                }\n                streamOpts.isOverlay = true;\n            };\n            if (FF_resource.scriptDeferred.state() === 'pending' && !FF_resource.scriptLoading) {\n                script = document.createElement('script');\n                script.src = \"https:\/\/ferienwohnungen-hauser.at\/wp-content\/plugins\/flow-flow\/js\/public.js?ver=4.9.72\";\n                script.onload = function( script, textStatus ) {\n                    FF_resource.scriptDeferred.resolve();\n                };\n                document.body.appendChild(script);\n                FF_resource.scriptLoading = true;\n            };\n            if (FF_resource.styleDeferred.state() === 'pending' && !FF_resource.styleLoading) {\n                style = document.createElement('link');\n                style.type = \"text\/css\";\n                style.id = \"ff_style\";\n                style.rel = \"stylesheet\";\n                style.href = \"https:\/\/ferienwohnungen-hauser.at\/wp-content\/plugins\/flow-flow\/css\/public.css?ver=4.9.72\";\n                style.media = \"screen\";\n                style.onload = function( script, textStatus ) {\n                    FF_resource.styleDeferred.resolve();\n                };\n                document.getElementsByTagName(\"head\")[0].appendChild(style);\n                FF_resource.styleLoading = true;\n            }\n            $cont.addClass('ff-layout-' + streamOpts.trueLayout);\n            if (!isMobile && streamOpts.trueLayout !== 'carousel') $cont.css('minHeight', '500px');\n            ajaxDeferred = isLS && sessionStorage.getItem(hash) ? {} : $.get(opts.ajaxurl, data)\n;\n            $.when( ajaxDeferred, FF_resource.scriptDeferred, FF_resource.styleDeferred ).done(function ( data ) {\n                var response, $errCont, err;\n                var moderation = 0;\n                var original = (isLS && sessionStorage.getItem(hash)) ? JSON.parse( sessionStorage.getItem(hash) ) : data[0];\n                try {\n                    \/* response = JSON.parse(original); *\/\n                    response = original; \/* since 4.1 *\/\n                } catch (e) {\n                    window.console && window.console.log('Flow-Flow gets invalid data from server');\n                    if (opts.isAdmin || opts.isLog) {\n\t                    $errCont = $('<' + 'div class=\"ff-errors\"><' + 'div class=\"ff-disclaim\">If you see this message then you have administrator permissions and Flow-Flow got invalid data from server. Please provide error message below if you are doing support request.<' + '\/div><' + 'div class=\"ff-err-info\"><'+'\/div><'+'\/div>');\n\t                    $cont.before($errCont);\n                        $errCont.find('.ff-err-info').html(original == '' ? 'Empty response from server' : original);\n                    }\n                    return;\n                }\n\n                if ( ! response ) {\n                \tconsole.log( 'FLOW-FLOW: null response from server' );\n                \treturn;\n                }\n\n                \/\/ injecting ads for cloud streams\n                if ( ads ) {\n\n                \tvar newArr = [];\n\n                \tvar post, ad;\n\n                \tfor ( var i = 0, len = response.items.length; i < len; i++ ) {\n\n\t\t                post = response.items[ i ];\n\n                \t\tif ( ads[ i ] ) {\n\n                \t\t\tad = ads[ i ];\n                            ad.id = 'ad_el_' + ad.id;\n                            newArr.push ( ad );\n\n\t\t\t                delete ads[ i ];\n                        }\n\n                        newArr.push( post );\n                    }\n\n                    response.items = newArr;\n                }\n\n                opts.streams['stream' + streamOpts.id]['items'] = response;\n                if (!FlowFlowOpts.dependencies) FlowFlowOpts.dependencies = {};\n                \n                FlowFlow.extensionResourcesRequests = FlowFlow.extensionResourcesRequests || [];\n                var request, extension, style;\n\n                for ( extension in FlowFlowOpts.dependencies ) {\n                    if ( FlowFlowOpts.dependencies[extension] && FlowFlowOpts.dependencies[extension] !== 'loaded') {\n                        request = $.getScript( opts.plugin_base + '-' + extension + '\/js\/ff_' + extension + '_public.js?ver=4.9.72');\n                        FlowFlow.extensionResourcesRequests.push(request);\n\n                        style = document.createElement('link');\n                        style.type = \"text\/css\";\n                        style.rel = \"stylesheet\";\n                        style.id = \"ff_ad_style\";\n                        style.href = opts.plugin_base + '-' + extension + '\/css\/ff_' + extension + '_public.css?ver=4.9.72';\n                        style.media = \"screen\";\n                        document.getElementsByTagName(\"head\")[0].appendChild(style);\n\n                        FlowFlowOpts.dependencies[extension] = 'loaded';\n                    }\n                }\n\n                var resourcesLoaded = $.when.apply($, FlowFlow.extensionResourcesRequests);\n\n                resourcesLoaded.done(function(){\n                    var $stream, width;\n                    console.log('FLOW-FLOW data', response);\n\n                    $stream = FlowFlow.buildStreamWith(response, streamOpts, moderation, FlowFlowOpts.dependencies);\n\n                    if (isLS && response.items.length > 0 && response.hash.length > 0) sessionStorage.setItem(  response.hash , JSON.stringify( original ));\n\n                    var num = streamOpts.layout === 'compact' || (streamOpts.mobileslider === 'yep' && isMobile)? (streamOpts.mobileslider === 'yep' ? 3 : streamOpts['cards-num']) : false;\n\n                    $cont.append( $stream );\n\n                    if ( typeof $stream !== 'string' ) {\n                        FlowFlow.setupGrid($cont.find('.ff-stream-wrapper'), num, streamOpts.scrolltop === 'yep', streamOpts.gallery === 'yep', streamOpts, $cont);\n                    }\n\n                    setTimeout(function(){\n                        $cont.find('.ff-header').removeClass('ff-loading').end().find('.ff-loader').addClass('ff-squeezed').delay(300).hide();\n                    }, 0);\n\n                    \n                }).fail(function(){\n                    console.log('Flow-Flow: resource loading failed');\n                });\n\n                var isErr = response.status === \"errors\";\n                if ((opts.isAdmin || opts.isLog) && isErr) {\n\t                $errCont = $('<'+'div class=\"ff-errors\"><'+'div class=\"ff-err-info\">If you see this then you are administrator and Flow-Flow got errors from APIs while requesting data. Please go to plugin admin and after refreshing page check for error(s) on stream settings page. Please provide error message info if you are doing support request.<'+'\/div><'+'\/div>');\n\t                $cont.before($errCont);\n                }\n            });\n\n            function isLocalStorageNameSupported() {\n                var testKey = 'test', storage = window.sessionStorage;\n                try {\n                    storage.setItem(testKey, '1');\n                    storage.removeItem(testKey);\n                    return true;\n                } catch (error) {\n                    return false;\n                }\n            };\n\n            return false;\n        }\n    })()\n\n<\/script>\n<!-- Flow-Flow \u2014 Social streams plugin for Wordpress -->\n","protected":false},"excerpt":{"rendered":"<p>Benvenuti nella famiglia Hauser nella valle Defereggental! &#8220;Comfort e intimit\u00e0 nel centro di St. Jakob nella valle Defereggental, lontano dalla strada principale.&#8221;La famiglia Hauser vi accoglie con un cordiale benvenuto!Un ambiente intimo e tranquillo vi attende nella nostra pensione con colazione e negli appartamenti per le vacanze dove potrete rilassarvi in un&#8217;atmosfera familiare.A St. Jakob&hellip;<\/p>\n","protected":false},"author":4,"featured_media":0,"parent":0,"menu_order":0,"comment_status":"closed","ping_status":"closed","template":"","meta":{"footnotes":""},"class_list":["post-2034","page","type-page","status-publish","hentry"],"_links":{"self":[{"href":"https:\/\/ferienwohnungen-hauser.at\/it\/wp-json\/wp\/v2\/pages\/2034","targetHints":{"allow":["GET"]}}],"collection":[{"href":"https:\/\/ferienwohnungen-hauser.at\/it\/wp-json\/wp\/v2\/pages"}],"about":[{"href":"https:\/\/ferienwohnungen-hauser.at\/it\/wp-json\/wp\/v2\/types\/page"}],"author":[{"embeddable":true,"href":"https:\/\/ferienwohnungen-hauser.at\/it\/wp-json\/wp\/v2\/users\/4"}],"replies":[{"embeddable":true,"href":"https:\/\/ferienwohnungen-hauser.at\/it\/wp-json\/wp\/v2\/comments?post=2034"}],"version-history":[{"count":9,"href":"https:\/\/ferienwohnungen-hauser.at\/it\/wp-json\/wp\/v2\/pages\/2034\/revisions"}],"predecessor-version":[{"id":2593,"href":"https:\/\/ferienwohnungen-hauser.at\/it\/wp-json\/wp\/v2\/pages\/2034\/revisions\/2593"}],"wp:attachment":[{"href":"https:\/\/ferienwohnungen-hauser.at\/it\/wp-json\/wp\/v2\/media?parent=2034"}],"curies":[{"name":"wp","href":"https:\/\/api.w.org\/{rel}","templated":true}]}}