{"id":1981,"date":"2019-06-25T11:09:08","date_gmt":"2019-06-25T09:09:08","guid":{"rendered":"https:\/\/ferienwohnungen-hauser.at.dnjepr.klubarbeit.net\/?page_id=1981"},"modified":"2020-10-22T16:28:23","modified_gmt":"2020-10-22T14:28:23","slug":"contatto","status":"publish","type":"page","link":"https:\/\/ferienwohnungen-hauser.at\/it\/contatto\/","title":{"rendered":"Contatto"},"content":{"rendered":"\n\t<iframe src=\"https:\/\/www.google.com\/maps\/embed\/v1\/place?q=Fr%C3%BChst%C3%BCckspension+und+Ferienwohnungen+Hauser%2C+Unterrotte+89%2C+9963+St.+Jakob+in+Defereggental&#038;key=AIzaSyD09zQ9PNDNNy9TadMuzRV_UsPUoWKntt8\" aria-hidden=\"true\"><\/iframe>\n\t\t<h3>\n\t\t\tContatto\n\t\t<\/h3>\n\t<h4><strong>Responsabile per il contenuto<\/strong><\/h4>\n<strong>Fr\u00fchst\u00fcckspension und Ferienwohnungen Hauser<\/strong><br \/>\nUnterrotte 89<br \/>\n9963 St. Jakob in Defereggental<br \/>\n\u00d6sterreich &#8211; Osttirol\n<strong>Tel.:<\/strong> <a href=\"tel:004348735239\">+43 4873 5239<\/a><br \/>\n<strong>Handy.:<\/strong> +<a href=\"tel:004306764096335\">43 06764096335<\/a><br \/>\n<strong>Fax.:<\/strong> +<a href=\"fax:004348735158\">43 4873 5158<\/a><br \/>\n<strong>E-mail.:<\/strong> <a title=\"Mail an info@ferienwohnungen-hauser.at\" href=\"mailto:info@ferienwohnungen-hauser.at\">info@ferienwohnungen-hauser.at<\/a>\n<strong>Nome della banca.:<\/strong> Dolomitenbank| BLZ 40730<br \/>\n<strong>IBAN.:<\/strong> AT04 4073 0102 1000 5350<br \/>\n<strong>BIC.:<\/strong> 0VLIAT21XXX<br \/>\n<strong>Numero UID.:\u00a0<\/strong> ATU 30729101\n<form >\n    <h3>\n\t\t<\/h3>\n\t\n\t\t\n    \t\t<label for=\"pp-name-\">Nome<\/label>\n    \t\tInserisci il tuo nome.\n    \t\t<input type=\"text\" name=\"pp-name\" id=\"pp-name-\" value=\"\" placeholder=\"Nome\"  \/>\n    \t\t<label for=\"pp-email-\">E-mail<\/label>\n    \t\tInserisci un indirizzo email valido.\n    \t\t<input type=\"email\" name=\"pp-email\" id=\"pp-email-\" value=\"\" placeholder=\"E-mail\"  \/>\n    \t\t<label for=\"pp-phone-\">Telefono<\/label>\n    \t\tSi prega di inserire un numero di telefono valido.\n    \t\t<input type=\"tel\" name=\"pp-phone\" id=\"pp-phone-\" value=\"\" placeholder=\"Telefono\"  \/>\n    \t\t<label for=\"pp-subject-\">Riguardo<\/label>\n    \t\tSi prega di inserire un oggetto.\n    \t\t<input type=\"text\" name=\"pp-subject\" id=\"pp-subject-\" value=\"\" placeholder=\"Riguardo\"  \/>\n    \t\t<label for=\"pp-message-\">Messaggio<\/label>\n    \t\tPer favore inserire un messaggio.\n    \t\t<textarea name=\"pp-message\" id=\"pp-message-\" placeholder=\"Messaggio\" ><\/textarea>\n    \t<a href=\"#\" target=\"_self\" role=\"button\" rel=\"noopener noreferrer\">\n    \t\t    \t\t    \t\tinviare\n    \t\t    \t\t    \t<\/a>\n\t\t\tInvio non riuscito. Per favore riprova.\n<\/form>\n  <p>Vielen Dank f\u00fcr Deine Nachricht! Wir werden uns bald bei Dir melden.<\/p>\n\t\t<h3>\n\t\t\tapproccio\n\t\t<\/h3>\n\t<style>\n    \/*******\/\n.kommen-form input  {\n\tdisplay:inline-block;\n\tborder-radius:0;\n\tborder:1px solid #ccc;\n\tmargin:5px;\n\theight:42px;\n\twidth:calc(100% - 270px);\n\tbackground:#fff;\n}\n.kommen-form .submit{\n\tcolor:#fff;\n\twidth:250px;\n\theight:40px;\n\tmargin:5!important;\n\tborder:none;\n\ttext-transform:uppercase;\n\tletter-spacing:2px;\n}\n.kommen-form .submit:hover{\n\tborder:none;\n\tcolor:#fff;\n}\n@media(max-width:768px){\n.kommen-form input  {\n\twidth:100%;\n}\n.kommen-form .submit{\nwidth:100%!important;\n}\n}\n\/********************\/\n<\/style>\n<form action=\"http:\/\/maps.google.com\/maps\" method=\"get\" target=\"_new\">\n  <input type=\"hidden\" name=\"daddr\" value=\"Unterrotte 89, 9963 St. Jakob in Defereggental, \u00d6sterreich\">\n<input type=\"hidden\" name=\"ie\" value=\"UTF8\"><input type=\"hidden\" name=\"hl\" value=\"de\">\n<input type=\"text\" name=\"saddr\" placeholder=\"Come venire da noi | Pianificazione del percorso dal tuo indirizzo\"><input type=\"submit\" value=\"Calcola percorso\">\n<\/form>\n\t<p><strong>In auto a St. Jakob, Defereggental (Austria)<\/strong><\/p>\n<p>da Vienna: in autostrada fino alla direzione di Graz &#8211; Klagenfurt &#8211; Villach &#8211; Spittal &#8211; poi la strada Drautalbundesstrasse &#8211; Lienz &#8211; Huben &#8211; lasciato nel Defereggental &#8211; St. Jakob o tramite l&#8217;ovest dell&#8217;autostrada in direzione Linz, Salisburgo a Bischofshofen, Zell am See, Mittersill, Felbertauern, Huben &#8211; a destra in Defereggental &#8211; St. Jakob.<\/p>\n<p>Dalla Germania: via Monaco, proseguire sull&#8217;autostrada in direzione Kiefersfelden \/ Kufstein, a Kufstein S\u00fcd lasciare l&#8217;autostrada. Proseguire verso Kufstein, Kitzb\u00fchel, Mittersil, Felbertauernstrasse o tunnel fino a Huben. A Huben svoltare a destra nella Defereggental, le nostre case si trovano direttamente nel centro di St. Jakob, al largo della strada principale. Dalla Svizzera: Feldkirch &#8211; Landeck &#8211; Innsbruck &#8211; W\u00f6rgl &#8211; St. Johann &#8211; Kitzb\u00fchel &#8211; Felbertauern &#8211; Huben &#8211; a sinistra in Defereggental &#8211; St. Jakob.<\/p>\n<p>Le nostre case sono nel centro di St. Jakob in Defereggental<\/p>\n\t<p><strong>Arrivo a St. Jakob in Defereggental<\/strong><\/p>\n<a href=\"http:\/\/anreise.osttirol.com\/\">http:\/\/anreise.osttirol.com\/<\/a><br \/>\n<a href=\"http:\/\/www.felbertauernstrasse.at\/de\/\">http:\/\/www.felbertauernstrasse.at\/de\/<\/a>\n<p><strong>Orario del treno \u00d6BB<\/strong><\/p>\n<p><a href=\"http:\/\/fahrplan.oebb.at\/\">http:\/\/fahrplan.oebb.at\/<\/a><\/p>\n<p><strong>In aereo:<\/strong><\/p>\n<ul>\n<li>Aeroporto di Klagenfurt: circa 150 km<\/li>\n<li>Aeroporto di Innsbruck: circa 200 km<\/li>\n<li>Aeroporto di Salisburgo: circa 200 km<\/li>\n<li><a href=\"http:\/\/www.skycheck.de\/\">http:\/\/www.skycheck.de\/<\/a><\/li>\n<\/ul>\n","protected":false},"excerpt":{"rendered":"<p>Contatto Responsabile per il contenuto Fr\u00fchst\u00fcckspension und Ferienwohnungen Hauser Unterrotte 89 9963 St. Jakob in Defereggental \u00d6sterreich &#8211; Osttirol Tel.: +43 4873 5239 Handy.: +43 06764096335 Fax.: +43 4873 5158 E-mail.: info@ferienwohnungen-hauser.at Nome della banca.: Dolomitenbank| BLZ 40730 IBAN.: AT04 4073 0102 1000 5350 BIC.: 0VLIAT21XXX Numero UID.:\u00a0 ATU 30729101 Nome Inserisci il tuo nome.&hellip;<\/p>\n","protected":false},"author":4,"featured_media":0,"parent":0,"menu_order":0,"comment_status":"closed","ping_status":"closed","template":"","meta":{"footnotes":""},"class_list":["post-1981","page","type-page","status-publish","hentry"],"_links":{"self":[{"href":"https:\/\/ferienwohnungen-hauser.at\/it\/wp-json\/wp\/v2\/pages\/1981","targetHints":{"allow":["GET"]}}],"collection":[{"href":"https:\/\/ferienwohnungen-hauser.at\/it\/wp-json\/wp\/v2\/pages"}],"about":[{"href":"https:\/\/ferienwohnungen-hauser.at\/it\/wp-json\/wp\/v2\/types\/page"}],"author":[{"embeddable":true,"href":"https:\/\/ferienwohnungen-hauser.at\/it\/wp-json\/wp\/v2\/users\/4"}],"replies":[{"embeddable":true,"href":"https:\/\/ferienwohnungen-hauser.at\/it\/wp-json\/wp\/v2\/comments?post=1981"}],"version-history":[{"count":3,"href":"https:\/\/ferienwohnungen-hauser.at\/it\/wp-json\/wp\/v2\/pages\/1981\/revisions"}],"predecessor-version":[{"id":3003,"href":"https:\/\/ferienwohnungen-hauser.at\/it\/wp-json\/wp\/v2\/pages\/1981\/revisions\/3003"}],"wp:attachment":[{"href":"https:\/\/ferienwohnungen-hauser.at\/it\/wp-json\/wp\/v2\/media?parent=1981"}],"curies":[{"name":"wp","href":"https:\/\/api.w.org\/{rel}","templated":true}]}}