{"id":1972,"date":"2019-06-25T10:41:29","date_gmt":"2019-06-25T08:41:29","guid":{"rendered":"https:\/\/ferienwohnungen-hauser.at.dnjepr.klubarbeit.net\/?page_id=1972"},"modified":"2026-01-26T16:05:22","modified_gmt":"2026-01-26T15:05:22","slug":"prezzi-offerte","status":"publish","type":"page","link":"https:\/\/ferienwohnungen-hauser.at\/it\/prezzi-offerte\/","title":{"rendered":"Prezzi Offerte"},"content":{"rendered":"\n\n\t\t<h3>\n\t\t\tAvete gi\u00e0 un regalo?\n\t\t<\/h3>\n\t\t\t<p>Regalate riposo, relax, tranquillit\u00e0, natura, benessere&#8230;.<br \/>Con un buono della famiglia Hauser regalate non solo vacanza ma anche gioia e benessere.Sar\u00e0 un piacere per noi prepararvi un buono da regalare!<\/p>\t\t\n<table  data-tablesaw-minimap>\n\t\t\t<thead>\n\t\t<tr>\n\t\t\t<th id=\"pp-table-col-1\" scope=\"col\" data-tablesaw-sortable-col>\t\t\t\t\t\n\t\t\t\t\t\t\t\t\t\t\t\tPensione con colazione Estate\t\t\t\t\t\n\t\t\t\t\t<\/th><th id=\"pp-table-col-2\" scope=\"col\" data-tablesaw-sortable-col>\t\t\t\t\t\n\t\t\t\t\t\t\t\t\t\t\t\tPernottamento\t\t\t\t\t\n\t\t\t\t\t<\/th><th id=\"pp-table-col-3\" scope=\"col\" data-tablesaw-sortable-col>\t\t\t\t\t\n\t\t\t\t\t\t\t\t\t\t\t\tincl. colazione\t\t\t\t\t\n\t\t\t\t\t<\/th>\t\t<\/tr>\n\t<\/thead>\n\t\t<tbody>\n\t\t<tr data-row-index=\"1\"><td>Alta stagione<\/td><td>36 \u20ac<\/td><td>40 \u20ac<\/td><\/tr><tr data-row-index=\"2\"><td>Bassa stagione<\/td><td>36 \u20ac<\/td><td>38 \u20ac<\/td><\/tr>\t<\/tbody>\n<\/table>\n\t<p>In aggiunta al prezzo della camera Euro 2,60.- Tassa di soggiorno a persona (dai 16 anni) e giorno applicato.<\/p>\n<table  data-tablesaw-minimap>\n\t\t\t<thead>\n\t\t<tr>\n\t\t\t<th id=\"pp-table-col-1\" scope=\"col\" data-tablesaw-sortable-col>\t\t\t\t\t\n\t\t\t\t\t\t\t\t\t\t\t\tPensione con colazione Inverno\t\t\t\t\t\n\t\t\t\t\t<\/th><th id=\"pp-table-col-2\" scope=\"col\" data-tablesaw-sortable-col>\t\t\t\t\t\n\t\t\t\t\t\t\t\t\t\t\t\tPernottamento\t\t\t\t\t\n\t\t\t\t\t<\/th><th id=\"pp-table-col-3\" scope=\"col\" data-tablesaw-sortable-col>\t\t\t\t\t\n\t\t\t\t\t\t\t\t\t\t\t\tincl. colazione\t\t\t\t\t\n\t\t\t\t\t<\/th>\t\t<\/tr>\n\t<\/thead>\n\t\t<tbody>\n\t\t<tr data-row-index=\"1\"><td>Alta stagione<\/td><td>38 \u20ac<\/td><td>40 \u20ac<\/td><\/tr><tr data-row-index=\"2\"><td>Bassa stagione<\/td><td>36 \u20ac<\/td><td>40 \u20ac<\/td><\/tr>\t<\/tbody>\n<\/table>\n\t<p>In aggiunta al prezzo della camera Euro 2,60.- Tassa di soggiorno a persona (dai 16 anni) e giorno applicato.<\/p>\n<table  data-tablesaw-minimap>\n\t\t\t<thead>\n\t\t<tr>\n\t\t\t<th id=\"pp-table-col-1\" scope=\"col\" data-tablesaw-sortable-col>\t\t\t\t\t\n\t\t\t\t\t\t\t\t\t\t\t\tAppartamenti Estate\t\t\t\t\t\n\t\t\t\t\t<\/th><th id=\"pp-table-col-2\" scope=\"col\" data-tablesaw-sortable-col>\t\t\t\t\t\n\t\t\t\t\t\t\t\t\t\t\t\tPernottamento\t\t\t\t\t\n\t\t\t\t\t<\/th>\t\t<\/tr>\n\t<\/thead>\n\t\t<tbody>\n\t\t<tr data-row-index=\"1\"><td>Alta stagione<\/td><td>56 \u20ac &#8211; 90 \u20ac<\/td><\/tr><tr data-row-index=\"2\"><td>Bassa stagione<\/td><td>56 \u20ac &#8211; 80 \u20ac<\/td><\/tr>\t<\/tbody>\n<\/table>\n\t<p>In aggiunta al prezzo della camera Euro 2,60.- Tassa di soggiorno a persona (dai 16 anni) e giorno applicato.<\/p>\n<table  data-tablesaw-minimap>\n\t\t\t<thead>\n\t\t<tr>\n\t\t\t<th id=\"pp-table-col-1\" scope=\"col\" data-tablesaw-sortable-col>\t\t\t\t\t\n\t\t\t\t\t\t\t\t\t\t\t\tAppartements Winter\t\t\t\t\t\n\t\t\t\t\t<\/th><th id=\"pp-table-col-2\" scope=\"col\" data-tablesaw-sortable-col>\t\t\t\t\t\n\t\t\t\t\t\t\t\t\t\t\t\t\u00dcbernachtung\t\t\t\t\t\n\t\t\t\t\t<\/th>\t\t<\/tr>\n\t<\/thead>\n\t\t<tbody>\n\t\t<tr data-row-index=\"1\"><td>Hauptsaison<\/td><td>56 \u20ac &#8211; 140 \u20ac<\/td><\/tr><tr data-row-index=\"2\"><td>Nebensaison<\/td><td>56 \u20ac &#8211; 120 \u20ac<\/td><\/tr>\t<\/tbody>\n<\/table>\n\t<p>In aggiunta al prezzo della camera Euro 2,60.- Tassa di soggiorno a persona (dai 16 anni) e giorno applicato.<\/p>\n\n","protected":false},"excerpt":{"rendered":"<p>Avete gi\u00e0 un regalo? Regalate riposo, relax, tranquillit\u00e0, natura, benessere&#8230;.Con un buono della famiglia Hauser regalate non solo vacanza ma anche gioia e benessere.Sar\u00e0 un piacere per noi prepararvi un buono da regalare! Pensione con colazione Estate Pernottamento incl. colazione Alta stagione 36 \u20ac 40 \u20ac Bassa stagione 36 \u20ac 38 \u20ac In aggiunta al&hellip;<\/p>\n","protected":false},"author":4,"featured_media":0,"parent":0,"menu_order":0,"comment_status":"closed","ping_status":"closed","template":"","meta":{"footnotes":""},"class_list":["post-1972","page","type-page","status-publish","hentry"],"_links":{"self":[{"href":"https:\/\/ferienwohnungen-hauser.at\/it\/wp-json\/wp\/v2\/pages\/1972","targetHints":{"allow":["GET"]}}],"collection":[{"href":"https:\/\/ferienwohnungen-hauser.at\/it\/wp-json\/wp\/v2\/pages"}],"about":[{"href":"https:\/\/ferienwohnungen-hauser.at\/it\/wp-json\/wp\/v2\/types\/page"}],"author":[{"embeddable":true,"href":"https:\/\/ferienwohnungen-hauser.at\/it\/wp-json\/wp\/v2\/users\/4"}],"replies":[{"embeddable":true,"href":"https:\/\/ferienwohnungen-hauser.at\/it\/wp-json\/wp\/v2\/comments?post=1972"}],"version-history":[{"count":8,"href":"https:\/\/ferienwohnungen-hauser.at\/it\/wp-json\/wp\/v2\/pages\/1972\/revisions"}],"predecessor-version":[{"id":3233,"href":"https:\/\/ferienwohnungen-hauser.at\/it\/wp-json\/wp\/v2\/pages\/1972\/revisions\/3233"}],"wp:attachment":[{"href":"https:\/\/ferienwohnungen-hauser.at\/it\/wp-json\/wp\/v2\/media?parent=1972"}],"curies":[{"name":"wp","href":"https:\/\/api.w.org\/{rel}","templated":true}]}}