{"id":2133,"date":"2019-06-26T00:19:27","date_gmt":"2019-06-25T22:19:27","guid":{"rendered":"https:\/\/ferienwohnungen-hauser.at.dnjepr.klubarbeit.net\/?page_id=2133"},"modified":"2019-06-28T12:09:54","modified_gmt":"2019-06-28T10:09:54","slug":"aktivnosti","status":"publish","type":"page","link":"https:\/\/ferienwohnungen-hauser.at\/hr\/aktivnosti\/","title":{"rendered":"aktivnosti"},"content":{"rendered":"\n\t\t<h3>\n\t\t\taktivnosti\n\t\t<\/h3>\n\t\t\t\t<img decoding=\"async\" src=\"https:\/\/ferienwohnungen-hauser.at\/wp-content\/uploads\/2019\/06\/FAMILIE-HAUSER-APPARTEMENTS-zimmer-20-2.jpg\" alt=\"FAMILIE HAUSER APPARTEMENTS-zimmer (20)\" \/>\n\t\t<h3>U ku\u0107i<\/h3>\n\t\t\t<p>Sauna osloba\u0111a tijelo i du\u0161u i na\u0161im je gostima u ku\u0107i besplatno na raspolaganju uz prethodnu narud\u017ebu od 16 do 19 sati.Pustite da u prostoriji za stolni tenis loptice stvarno lete, prikupite novu snagu na spravama za fitness &#8211; vrijeme u kojem \u0107ete zaboraviti svakodnevicu.Za na\u0161e male goste, naravno, imamo malu dje\u010dju igraonicu te dje\u010dje stolice i dje\u010dje krevete koje \u0107emo Vam s veseljem staviti na raspolaganje.<\/p>\t\t\n\t\t\t<a href=\"\/hr\/aktivnosti\/ljeto\/\" target=\"_self\" rel=\"noopener noreferrer\">\n\t\t\t\t<img decoding=\"async\" src=\"https:\/\/ferienwohnungen-hauser.at\/wp-content\/uploads\/2019\/06\/C-Bj\u00f6rn-Lauen-1290.jpg\" alt=\"C Bj\u00f6rn Lauen 1290\" \/>\n\t\t<h3>Ljeto<\/h3>\n\t\t\t<p>Destinacija za odmor sjeverno od alpskog masiva Deferegger ponosna je na svoju intaktnu, nedirnutu prirodu, daleko od masovnog turizma: ovdje mo\u017eete vidjeti surog orla kako lovi, u\u017eivati u svje\u017eoj mla\u0107enici s alpskih pa\u0161njaka i pustiti da izvorni i krepki doma\u0107ini na ju\u017enom balkonu Alpa ispunjavaju svaku Va\u0161u \u017eelju.<\/p>\t\t\n\t\t<\/a>\n\t\t\t<a href=\"\/hr\/aktivnosti\/lov\/\" target=\"_self\" rel=\"noopener noreferrer\">\n\t\t\t\t<img decoding=\"async\" src=\"https:\/\/ferienwohnungen-hauser.at\/wp-content\/uploads\/2019\/06\/ferienwohnungen-hauser.at-bogensport_osttirol_lehrer_JAGD-1.jpg\" alt=\"ferienwohnungen-hauser.at-bogensport_osttirol_lehrer_JAGD\" \/>\n\t\t<h3>Lov<\/h3>\n\t\t\t<p>\u201eDobra kob!\u201c u pansionu s doru\u010dkom i apartmanima Hauser!Prostrane povr\u0161ine pa\u0161njaka ispod i iznad \u0161umske granice obilje\u017eavaju karakter lova u Defereggeru.Zahvaljuju\u0107i stru\u010dnoj lova\u010dkoj pratnji i izvr\u0161enju plana odstrjela na\u0161ih lovaca-nadzornika pogled na dobro poznatu divlja\u010d nije rijetkost niti za dnevnog svjetla, nego je pravilo u na\u0161em lovi\u0161tu.\u00a0<\/p>\t\t\n\t\t<\/a>\n\t\t\t<a href=\"\/hr\/aktivnosti\/zimi\/\" target=\"_self\" rel=\"noopener noreferrer\">\n\t\t\t\t<img decoding=\"async\" src=\"https:\/\/ferienwohnungen-hauser.at\/wp-content\/uploads\/2019\/06\/tu57.jpg\" alt=\"tu57\" \/>\n\t\t<h3>zimi<\/h3>\n\t\t\t<p>Skijanje, sanjkanje, snowboarding, skija\u0161ko tr\u010danje, touring. Za snowboardere Brunnalm je pravi izazov.<br \/>Za skija\u0161ke turiste Defereggental je idealno mjesto i prema tome iznimno popularan. Evo nekoliko savjeta za turno skijanje &#8230;<\/p>\t\t\n\t\t<\/a>\n","protected":false},"excerpt":{"rendered":"<p>aktivnosti U ku\u0107i Sauna osloba\u0111a tijelo i du\u0161u i na\u0161im je gostima u ku\u0107i besplatno na raspolaganju uz prethodnu narud\u017ebu od 16 do 19 sati.Pustite da u prostoriji za stolni tenis loptice stvarno lete, prikupite novu snagu na spravama za fitness &#8211; vrijeme u kojem \u0107ete zaboraviti svakodnevicu.Za na\u0161e male goste, naravno, imamo malu dje\u010dju&hellip;<\/p>\n","protected":false},"author":4,"featured_media":0,"parent":0,"menu_order":0,"comment_status":"closed","ping_status":"closed","template":"","meta":{"footnotes":""},"class_list":["post-2133","page","type-page","status-publish","hentry"],"_links":{"self":[{"href":"https:\/\/ferienwohnungen-hauser.at\/hr\/wp-json\/wp\/v2\/pages\/2133","targetHints":{"allow":["GET"]}}],"collection":[{"href":"https:\/\/ferienwohnungen-hauser.at\/hr\/wp-json\/wp\/v2\/pages"}],"about":[{"href":"https:\/\/ferienwohnungen-hauser.at\/hr\/wp-json\/wp\/v2\/types\/page"}],"author":[{"embeddable":true,"href":"https:\/\/ferienwohnungen-hauser.at\/hr\/wp-json\/wp\/v2\/users\/4"}],"replies":[{"embeddable":true,"href":"https:\/\/ferienwohnungen-hauser.at\/hr\/wp-json\/wp\/v2\/comments?post=2133"}],"version-history":[{"count":4,"href":"https:\/\/ferienwohnungen-hauser.at\/hr\/wp-json\/wp\/v2\/pages\/2133\/revisions"}],"predecessor-version":[{"id":2581,"href":"https:\/\/ferienwohnungen-hauser.at\/hr\/wp-json\/wp\/v2\/pages\/2133\/revisions\/2581"}],"wp:attachment":[{"href":"https:\/\/ferienwohnungen-hauser.at\/hr\/wp-json\/wp\/v2\/media?parent=2133"}],"curies":[{"name":"wp","href":"https:\/\/api.w.org\/{rel}","templated":true}]}}