{"id":2122,"date":"2019-06-25T23:53:04","date_gmt":"2019-06-25T21:53:04","guid":{"rendered":"https:\/\/ferienwohnungen-hauser.at.dnjepr.klubarbeit.net\/?page_id=2122"},"modified":"2019-06-28T12:10:10","modified_gmt":"2019-06-28T10:10:10","slug":"zimi","status":"publish","type":"page","link":"https:\/\/ferienwohnungen-hauser.at\/hr\/aktivnosti\/zimi\/","title":{"rendered":"Zimi"},"content":{"rendered":"\n\t\t\t\t<img decoding=\"async\" src=\"https:\/\/ferienwohnungen-hauser.at.dnjepr.klubarbeit.net\/wp-content\/uploads\/2019\/06\/ferienwohnungen-hauser-nature-8.jpg\" alt=\"ferienwohnungen-hauser-nature (8)\" itemprop=\"image\" title=\"ferienwohnungen-hauser-nature (8)\" onerror=\"this.style.display='none'\"  \/>\n\t\t<h3>\n\t\t\tZimi\n\t\t<\/h3>\n\t\t<p>Skijanje, sanjkanje, snowboarding, skija\u0161ko tr\u010danje, touringZa snowboardere Brunnalm je pravi izazov. Za skija\u0161ke turiste Defereggental je idealno mjesto i prema tome iznimno popularan. Evo nekoliko savjeta za skija\u0161ki izlet. Staza za sanjkanje Alpe Stalle: staza za sanjkanje Alpe Stalle Length 1,5 km. Uspon iz Maria Hilf za sat vremena, sanjkali\u0161te je osvijetljeno.<\/p>\t\n\t\t\t\t\t\tSkijanje\n\t\t\t<p>Brunnalm na kojem uvijek ima snijega, pravi je izazov za sve skija\u0161e.<\/p>\n<p>Zahvaljuju\u0107i povoljnoj klimatskoj situaciji i visini ogromna je prednost Seitentala u Isto\u010dnom Tirolu \u0161to je u periodu od studenog do travnja uvijek pod snijegom. Brunnalm u St. Jakobu u dolini Defereggen savr\u0161eno je obiteljsko skijali\u0161te. Oko 52 kilometra pripremljenih staza za vo\u017enju nude roditeljima i djeci idealne snje\u017ene oaze.<\/p>\n<p>Udobnost se tako\u0111er pi\u0161e velikim slovom: nove sjede\u017enice za \u0161est osoba s poklopcem dovest \u0107e Vas do skijali\u0161ta jo\u0161 br\u017ee i udobnije<\/p>\n\t\t\t\t\t\tSanjkanje\n\t\t\t<p>Staza za sanjkanje Alpe Stalle:<\/p>\n<p>Staza za sanjkanje Alpe Stalle duga je 1,5 kilometar.<br \/>Uspon kre\u0107e iz Maria Hilfa i traje jedan sat, staza za sanjkanje osvijetljena je u cijeloj du\u017eini.<\/p>\n<p>Dje\u010dja staza za sanjkanje Oberweissen:<\/p>\n<p>du\u017eina 600 metara, besplatno iznajmljivanje sanjki neposredno uz Oberweissen Hittl, uspon traje desetak minuta.<\/p>\n<p>Staza za sanjkanje Leppetal:<\/p>\n<p>du\u017eina 1,6 kilometara, djelomi\u010dno osvijetljena, uspon preko Bruggen\/ Kasselplatz ili Alzenburnnh\u00fctte u trajanju od oko 45 minuta.<\/p>\n\t\t\t\t\t\tDaskanje na snijegu\n\t\t\t<p>St. Jakob sve se vi\u0161e razvija u top destinaciju Isto\u010dnog Tirola za snowboardere. Omiljeno mjesto susreta je Funpark. Tamo boarderi poku\u0161avaju velike skokove na rampama Hips, Waves, Walls i Rails.<\/p>\n<p>Naravno da i oni koji daskaju na stazama, dolaze na svoje, jer je polo\u017eaj takav da snijega ima uvijek i da je uvijek najbolje kvalitete.\u00a0\u00a0<\/p>\n\t\t\t\t\t\tSkija\u0161ko tr\u010danje\n\t\t\t<p>Savjet za sve skija\u0161ke trka\u010de.<\/p>\n<p>Odlika mre\u017ee staza za skija\u0161ko tr\u010danje u dolini Defereggental jest sigurna prekrivenost snijegom od kraja studenog do kraja travnja.<\/p>\n<p>Svi koji su imali prilike isprobati ove staze za skija\u0161ko tr\u010danje, potvr\u0111uju da se iznimna pozornost pridaje savr\u0161enom odr\u017eavanju staza za skija\u0161ko tr\u010danje.<\/p>\n<p>Zaljubljenike u skija\u0161ko tr\u010danje o\u010dekuju svi stupnjevi te\u017eine staza.\u00a0<br \/>Me\u0111utim, i svi hoda\u010di na skijama\u00a0 odu\u0161evljeni su ljepotom prirode te livadama i \u0161umama prekrivenim dubokim snijegom.<\/p>\n<p><strong>Visinska staza za skija\u0161ko tr\u010danje na prijevoju Staller (Staller Sattel)<\/strong><\/p>\n<p>Poseban vrhunac sporta\u0161i \u0107e prona\u0107i na visinskoj stazi za skija\u0161ko tr\u010danje na prijevoju Staller (na 2.000 m).<br \/>Sun\u010dani planinski plato\u00a0 s izrazito umjerenim vremenskim prilikama nudi senzacionalni panoramski pogled.<\/p>\n<p>Visinska staza za skija\u0161ko tr\u010danje na prijevoju Staller Sattel pru\u017ea zaljubljenicima u skija\u0161ko tr\u010danje na nadmorskoj visini iznad 2.000 metara na predivnoj kru\u017enoj stazi sve stupnjeve te\u017eine. Polazi\u0161te je kod gostionice\u00a0 Lackenst\u00fcberl do koje se mo\u017ee do\u0107i besplatnim skija\u0161kim autobusom.<\/p>\n<p>Staza za tr\u010danje po\u010dinje laganim usponom na sjevernoj strani platoa, potom vodi kratko strmo uzbrdo do carinarnice, obilazi oko jezerca Oberseee s ju\u017ene strane sve do kolibe Oberseeh\u00fctte (koja radi samo ljeti) i onda se strmo penje do dr\u017eavne granice (2.055 m).\u00a0<\/p>\n<p>Izvje\u017ebani trka\u010di \u0107e nakon strmog uspona do\u0107i na plato s kojeg se pru\u017ea o\u010daravaju\u0107i panoramski pogled, a potom se isto tako strmom stazom spu\u0161ta ponovo do dr\u017eavne granice i vra\u0107a paralelno s planinarskim putem do polazi\u0161ta.<\/p>\n\t\t\t\t\t\tSkija\u0161ke ture\n\t\t\t<p>Dolina Defereggen idealno je mjesto i za sve one koji idu na skija\u0161ke ture pa je zbog toga i vrlo omiljena. Ovdje Vam dajemo savjete za neke skija\u0161ke ture.<\/p>\n<p>Ruta, nadmorska visina, te\u017eina, polazi\u0161te, vrijeme hodanja.<\/p>\n<p>* <strong>Almerhorn<\/strong>, 2.986 m, srednje te\u0161ka, od prijevoja Staller (Staller Sattel), 3,5 sata\u00a0<br \/>* <strong>Hinterbergkofel<\/strong>, 2.727 m, lagana, od prijevoja Staller (Staller Sattel), 3,5 sata<br \/>* <strong>Innerrodelkunke<\/strong>, 2.729 m, lagana, od prijevoja Staller (Staller Sattel), 2,5 sata\u00a0<br \/>* <strong>Pfannhorn<\/strong>, 2.819 m, srednje te\u0161ka, od prijevoja Staller Sattel\/Gr\u00fchnb\u00fchel, 3 sata<br \/>*<strong> Rote Wand<\/strong>, 2.818 m, lagana, od prijevoja Staller (Staller Sattel), 4,5 sata<br \/>* <strong>Hochleitenspitze<\/strong>, 2.877 m, lagana, od gornje stanice Brunnalmlifte, 2.5 sata\u00a0<br \/>* <strong>Leppleskofel<\/strong>, 2.811 m, srednje te\u0161ka, od gornje stanice Brunnalmlifte, 1 sat\u00a0<br \/>* <strong>Gasser Horn<\/strong>, 2.612 m, srednje te\u0161ka, od T\u00f6gischa, 3 sata\u00a0<br \/>* <strong>Stampfleskofel<\/strong>, 3.071 m, srednje te\u0161ka, od St. Jakoba (selo), 6 sati\u00a0<br \/>* <strong>Kauschkahorn<\/strong>, 2.903 m, lagana, od Innerberga, 4 sata\u00a0<br \/>* <strong>Hochgall<\/strong>, 3.435 m, te\u0161ka, od Erlsbacha, 8 sati\u00a0<br \/>* <strong>Kahorn<\/strong>, 2.692 m, srednje te\u0161ka, od Maria Hilfa, 4 sata\u00a0<br \/>* <strong>Hochkreuz<\/strong>, 2.739 m, srednje te\u0161ka, od Maria Hilfa, 4,5 sata<\/p>\n","protected":false},"excerpt":{"rendered":"<p>Zimi Skijanje, sanjkanje, snowboarding, skija\u0161ko tr\u010danje, touringZa snowboardere Brunnalm je pravi izazov. Za skija\u0161ke turiste Defereggental je idealno mjesto i prema tome iznimno popularan. Evo nekoliko savjeta za skija\u0161ki izlet. Staza za sanjkanje Alpe Stalle: staza za sanjkanje Alpe Stalle Length 1,5 km. Uspon iz Maria Hilf za sat vremena, sanjkali\u0161te je osvijetljeno. Skijanje Brunnalm&hellip;<\/p>\n","protected":false},"author":4,"featured_media":0,"parent":2133,"menu_order":0,"comment_status":"closed","ping_status":"closed","template":"","meta":{"footnotes":""},"class_list":["post-2122","page","type-page","status-publish","hentry"],"_links":{"self":[{"href":"https:\/\/ferienwohnungen-hauser.at\/hr\/wp-json\/wp\/v2\/pages\/2122","targetHints":{"allow":["GET"]}}],"collection":[{"href":"https:\/\/ferienwohnungen-hauser.at\/hr\/wp-json\/wp\/v2\/pages"}],"about":[{"href":"https:\/\/ferienwohnungen-hauser.at\/hr\/wp-json\/wp\/v2\/types\/page"}],"author":[{"embeddable":true,"href":"https:\/\/ferienwohnungen-hauser.at\/hr\/wp-json\/wp\/v2\/users\/4"}],"replies":[{"embeddable":true,"href":"https:\/\/ferienwohnungen-hauser.at\/hr\/wp-json\/wp\/v2\/comments?post=2122"}],"version-history":[{"count":3,"href":"https:\/\/ferienwohnungen-hauser.at\/hr\/wp-json\/wp\/v2\/pages\/2122\/revisions"}],"predecessor-version":[{"id":2582,"href":"https:\/\/ferienwohnungen-hauser.at\/hr\/wp-json\/wp\/v2\/pages\/2122\/revisions\/2582"}],"up":[{"embeddable":true,"href":"https:\/\/ferienwohnungen-hauser.at\/hr\/wp-json\/wp\/v2\/pages\/2133"}],"wp:attachment":[{"href":"https:\/\/ferienwohnungen-hauser.at\/hr\/wp-json\/wp\/v2\/media?parent=2122"}],"curies":[{"name":"wp","href":"https:\/\/api.w.org\/{rel}","templated":true}]}}