{"id":2108,"date":"2019-06-25T23:18:59","date_gmt":"2019-06-25T21:18:59","guid":{"rendered":"https:\/\/ferienwohnungen-hauser.at.dnjepr.klubarbeit.net\/?page_id=2108"},"modified":"2019-06-28T12:13:08","modified_gmt":"2019-06-28T10:13:08","slug":"ljeto","status":"publish","type":"page","link":"https:\/\/ferienwohnungen-hauser.at\/hr\/aktivnosti\/ljeto\/","title":{"rendered":"Ljeto"},"content":{"rendered":"\n\t\t<h3>\n\t\t\tLjeto\n\t\t<\/h3>\n\t\t<p>Destinacija za odmor sjeverno od alpskog masiva Deferegger ponosna je na svoju intaktnu, nedirnutu prirodu, daleko od masovnog turizma: ovdje mo\u017eete vidjeti surog orla kako lovi, u\u017eivati u svje\u017eoj mla\u0107enici s alpskih pa\u0161njaka i pustiti da izvorni i krepki doma\u0107ini na ju\u017enom balkonu Alpa ispunjavaju svaku Va\u0161u \u017eelju.<br \/><br \/>Bilo da se radi o hoda\u010dima, planinarima, grupama na brdskim biciklima ili na motorima, ovo mjestu u brdima Isto\u010dnog Tirola ima za svakoga pravu ponudu.\u00a0<\/p>\t\n\t\t\t\t\t\tPlaninarenje\n\t\t\t<div class=\"fl-builder-content fl-builder-content-2111 fl-builder-template fl-builder-row-template fl-builder-global-templates-locked\" data-post-id=\"2111\"><div class=\"fl-row fl-row-fixed-width fl-row-bg-none fl-node-5d12902cb5ac2 fl-row-default-height fl-row-align-center\" data-node=\"5d12902cb5ac2\">\n\t<div class=\"fl-row-content-wrap\">\n\t\t\t\t\t\t<div class=\"fl-row-content fl-row-fixed-width fl-node-content\">\n\t\t\n<div class=\"fl-col-group fl-node-5d12902cb5abb\" data-node=\"5d12902cb5abb\">\n\t\t\t<div class=\"fl-col fl-node-5d12902cb5abe fl-col-bg-color fl-col-small\" data-node=\"5d12902cb5abe\">\n\t<div class=\"fl-col-content fl-node-content\"><div class=\"fl-module fl-module-photo fl-node-5d12902cb5ac0\" data-node=\"5d12902cb5ac0\">\n\t<div class=\"fl-module-content fl-node-content\">\n\t\t<div role=\"figure\" class=\"fl-photo fl-photo-align-center\" itemscope itemtype=\"https:\/\/schema.org\/ImageObject\">\n\t<div class=\"fl-photo-content fl-photo-img-jpeg\">\n\t\t\t\t<a href=\"https:\/\/ferienwohnungen-hauser.at\/wp-content\/uploads\/2019\/06\/ferienwohnungen-hauser-nature-50.jpeg\" target=\"_self\" itemprop=\"url\">\n\t\t\t\t<img loading=\"lazy\" decoding=\"async\" width=\"1350\" height=\"887\" class=\"fl-photo-img wp-image-1738\" src=\"https:\/\/ferienwohnungen-hauser.at.dnjepr.klubarbeit.net\/wp-content\/uploads\/2019\/06\/ferienwohnungen-hauser-nature-50.jpeg\" alt=\"ferienwohnungen-hauser-nature (50)\" title=\"ferienwohnungen-hauser-nature (50)\"  itemprop=\"image\" srcset=\"https:\/\/ferienwohnungen-hauser.at\/wp-content\/uploads\/2019\/06\/ferienwohnungen-hauser-nature-50.jpeg 1350w, https:\/\/ferienwohnungen-hauser.at\/wp-content\/uploads\/2019\/06\/ferienwohnungen-hauser-nature-50-300x197.jpeg 300w, https:\/\/ferienwohnungen-hauser.at\/wp-content\/uploads\/2019\/06\/ferienwohnungen-hauser-nature-50-768x505.jpeg 768w, https:\/\/ferienwohnungen-hauser.at\/wp-content\/uploads\/2019\/06\/ferienwohnungen-hauser-nature-50-1024x673.jpeg 1024w\" sizes=\"auto, (max-width: 1350px) 100vw, 1350px\" \/>\n\t\t\t\t<\/a>\n\t\t\t\t\t<\/div>\n\t<\/div>\n\t<\/div>\n<\/div>\n<\/div>\n<\/div>\n\t\t\t<div class=\"fl-col fl-node-5d12902cb5abf fl-col-bg-color fl-col-small\" data-node=\"5d12902cb5abf\">\n\t<div class=\"fl-col-content fl-node-content\"><div class=\"fl-module fl-module-rich-text fl-node-5d12902cb5ac1\" data-node=\"5d12902cb5ac1\">\n\t<div class=\"fl-module-content fl-node-content\">\n\t\t<div class=\"fl-rich-text\">\n\t<p>Planinari na prelijepim planinarskim stazama u\u017eivaju u do\u017eivljajima posebne vrste, a na kratki ih odmor pozivaju izvorne kolibe.<\/p>\n<p>Dolina Defereggen, pokrajnja dolina doline\u00a0 Isel, pru\u017ea se od svog po\u010detka u obliku klanca kod Hubena pa sve do Patscha u smjeru istok - zapad, a od Patscha dolina zakre\u0107e prema sjeverozapadu. Posebno je atraktivan krajolik ovog dijela s planinskim zaseocima Patsch, Oberhaus, Seebach i Jagdhaus.<\/p>\n<p>Iz mjesta St.Jakob mo\u017ee se direktno kroz dolinu Troyer (Troyertal), prolaze\u0107i pokraj mlinova Troyer (Troyerm\u00fchlen; pokazni mlin), popeti na planinski pa\u0161njak Troyer (Troyeralm) na 1818 metara nadmorske visine. Isto tako mo\u017eete poduzeti i du\u017ee planinarenje do kolibe Reichenberg (Reichenberger H\u00fctte).<\/p>\n<p>U dolini Troyer tako\u0111er mo\u017eete razgledati i rudnik Knappengruben.<\/p>\n<p>Iz samog centra mjesta mo\u017ee se stazom Erlsbach (Erlsbacher Steig) uspeti na planinski pa\u0161njak BruggerAlm ili pak preko idu\u0107eg pa\u0161njaka - Rag\u00f6tzel Alm - napraviti kru\u017enu planinarsku \u0161etnju do kolibe Alpe Stalle.<\/p>\n<\/div>\n\t<\/div>\n<\/div>\n<\/div>\n<\/div>\n\t<\/div>\n\t\t<\/div>\n\t<\/div>\n<\/div>\n<\/div>\t\t\n\t\t\t\t\t\tVo\u017enje biciklom\n\t\t\t<div class=\"fl-builder-content fl-builder-content-2112 fl-builder-template fl-builder-row-template fl-builder-global-templates-locked\" data-post-id=\"2112\"><div class=\"fl-row fl-row-fixed-width fl-row-bg-none fl-node-5d12905b408f2 fl-row-default-height fl-row-align-center\" data-node=\"5d12905b408f2\">\n\t<div class=\"fl-row-content-wrap\">\n\t\t\t\t\t\t<div class=\"fl-row-content fl-row-fixed-width fl-node-content\">\n\t\t\n<div class=\"fl-col-group fl-node-5d12905b408eb\" data-node=\"5d12905b408eb\">\n\t\t\t<div class=\"fl-col fl-node-5d12905b408ee fl-col-bg-color fl-col-small\" data-node=\"5d12905b408ee\">\n\t<div class=\"fl-col-content fl-node-content\"><div class=\"fl-module fl-module-photo fl-node-5d12905b408f0\" data-node=\"5d12905b408f0\">\n\t<div class=\"fl-module-content fl-node-content\">\n\t\t<div role=\"figure\" class=\"fl-photo fl-photo-align-center\" itemscope itemtype=\"https:\/\/schema.org\/ImageObject\">\n\t<div class=\"fl-photo-content fl-photo-img-jpg\">\n\t\t\t\t<a href=\"https:\/\/ferienwohnungen-hauser.at\/wp-content\/uploads\/2019\/06\/ferienwohnungen-hauser.at_.sommer-Radfahren.jpg\" target=\"_self\" itemprop=\"url\">\n\t\t\t\t<img loading=\"lazy\" decoding=\"async\" width=\"1100\" height=\"733\" class=\"fl-photo-img wp-image-1788\" src=\"https:\/\/ferienwohnungen-hauser.at.dnjepr.klubarbeit.net\/wp-content\/uploads\/2019\/06\/ferienwohnungen-hauser.at_.sommer-Radfahren.jpg\" alt=\"ferienwohnungen-hauser.at.sommer-Radfahren\" title=\"ferienwohnungen-hauser.at.sommer-Radfahren\"  itemprop=\"image\" srcset=\"https:\/\/ferienwohnungen-hauser.at\/wp-content\/uploads\/2019\/06\/ferienwohnungen-hauser.at_.sommer-Radfahren.jpg 1100w, https:\/\/ferienwohnungen-hauser.at\/wp-content\/uploads\/2019\/06\/ferienwohnungen-hauser.at_.sommer-Radfahren-300x200.jpg 300w, https:\/\/ferienwohnungen-hauser.at\/wp-content\/uploads\/2019\/06\/ferienwohnungen-hauser.at_.sommer-Radfahren-768x512.jpg 768w, https:\/\/ferienwohnungen-hauser.at\/wp-content\/uploads\/2019\/06\/ferienwohnungen-hauser.at_.sommer-Radfahren-1024x682.jpg 1024w\" sizes=\"auto, (max-width: 1100px) 100vw, 1100px\" \/>\n\t\t\t\t<\/a>\n\t\t\t\t\t<\/div>\n\t<\/div>\n\t<\/div>\n<\/div>\n<\/div>\n<\/div>\n\t\t\t<div class=\"fl-col fl-node-5d12905b408ef fl-col-bg-color fl-col-small\" data-node=\"5d12905b408ef\">\n\t<div class=\"fl-col-content fl-node-content\"><div class=\"fl-module fl-module-rich-text fl-node-5d12905b408f1\" data-node=\"5d12905b408f1\">\n\t<div class=\"fl-module-content fl-node-content\">\n\t\t<div class=\"fl-rich-text\">\n\t<p>Dolina Defereggen pravi je Eldorado za uporne i izdr\u017eljive.<\/p>\n<p>Od zaseoka Erlsbach - s 1.155 m najvi\u0161e je stalno nastanjeno mjesto u Isto\u010dnom Tirolu u op\u0107ini St. Jakob - vodi slu\u017ebena ruta za brdske bicikle do prijevoja Klamml-Joch na visini od 2.298 m s grani\u010dnim prijelazom u Italiju. Ruta vodi po dobro utvr\u0111enoj planinskoj stazi\u00a0 u du\u017eini od 17 km kroz najveli\u010danstvenije dijelove nacionalnog parka \u201eHohe Tauern\u201c \u0161to se ti\u010de prirode. Pri tome se prolazi kroz \u010detiri prostorno vrlo velika planinska zaseoka. Jedan od njih pod nazivom \u201eJagdhausalm\u201c po prvi se puta spominje u ispravama jo\u0161 daleke 1212. godine i time je najstariji planinski zaselak u Austriji. Na ovome mjestu ve\u0107 ste pre\u0161li granicu od 2.000 metara i pogled Vam puca na vrh Fleischbach-Spitze, visok 3.157 metara i okru\u017een ogromnim gle\u010derom, a pripada alpskoj grupi Rieserferner.<\/p>\n<p>Povratak od planinskog prijevoja jednako je fascinantan i ostavlja dubok dojam na svakog. Tko predo\u010di putovnicu ili osobnu iskaznicu na talijanskoj grani\u010dnoj postaji na prijevoju Klamml-Joch, mo\u017ee nastaviti vo\u017enju na podru\u010dju Ju\u017enog Tirola: uz jezero Klammlsee, kroz doline Knutten (Knuttental; Valle die Dossi) i Tauferer (Tauferertal) do Brunecka (Brunico), a od tamo kroz dolinu Puster (Pustertal) prema Olangu pa kroz dolinu Antholzer (Valle Anterselva) uzbrdo do prijevoja Staller (Staller Sattel) na visini od 2.016 metara. Tamo se ponovo prelazi austrijska granica i zadnjih se 8 km vozi do polazi\u0161ta u Erlsbachu.<\/p>\n<\/div>\n\t<\/div>\n<\/div>\n<\/div>\n<\/div>\n\t<\/div>\n\t\t<\/div>\n\t<\/div>\n<\/div>\n<\/div>\t\t\n\t\t\t\t\t\tMotociklisti\n\t\t\t<div class=\"fl-builder-content fl-builder-content-2113 fl-builder-template fl-builder-row-template fl-builder-global-templates-locked\" data-post-id=\"2113\"><div class=\"fl-row fl-row-full-width fl-row-bg-none fl-node-5d12908a09a99 fl-row-default-height fl-row-align-center\" data-node=\"5d12908a09a99\">\n\t<div class=\"fl-row-content-wrap\">\n\t\t\t\t\t\t<div class=\"fl-row-content fl-row-fixed-width fl-node-content\">\n\t\t\n<div class=\"fl-col-group fl-node-5d12908a09a91\" data-node=\"5d12908a09a91\">\n\t\t\t<div class=\"fl-col fl-node-5d12908a09a95 fl-col-bg-color fl-col-small\" data-node=\"5d12908a09a95\">\n\t<div class=\"fl-col-content fl-node-content\"><div class=\"fl-module fl-module-photo fl-node-5d12908a09a97\" data-node=\"5d12908a09a97\">\n\t<div class=\"fl-module-content fl-node-content\">\n\t\t<div role=\"figure\" class=\"fl-photo fl-photo-align-center\" itemscope itemtype=\"https:\/\/schema.org\/ImageObject\">\n\t<div class=\"fl-photo-content fl-photo-img-jpg\">\n\t\t\t\t<a href=\"https:\/\/ferienwohnungen-hauser.at\/wp-content\/uploads\/2019\/06\/ferienwohnungen-hauser.at_.sommer-Motorradfahrer.jpg\" target=\"_self\" itemprop=\"url\">\n\t\t\t\t<img loading=\"lazy\" decoding=\"async\" width=\"1100\" height=\"733\" class=\"fl-photo-img wp-image-1797\" src=\"https:\/\/ferienwohnungen-hauser.at.dnjepr.klubarbeit.net\/wp-content\/uploads\/2019\/06\/ferienwohnungen-hauser.at_.sommer-Motorradfahrer.jpg\" alt=\"ferienwohnungen-hauser.at.sommer-Motorradfahrer\" title=\"ferienwohnungen-hauser.at.sommer-Motorradfahrer\"  itemprop=\"image\" srcset=\"https:\/\/ferienwohnungen-hauser.at\/wp-content\/uploads\/2019\/06\/ferienwohnungen-hauser.at_.sommer-Motorradfahrer.jpg 1100w, https:\/\/ferienwohnungen-hauser.at\/wp-content\/uploads\/2019\/06\/ferienwohnungen-hauser.at_.sommer-Motorradfahrer-300x200.jpg 300w, https:\/\/ferienwohnungen-hauser.at\/wp-content\/uploads\/2019\/06\/ferienwohnungen-hauser.at_.sommer-Motorradfahrer-768x512.jpg 768w, https:\/\/ferienwohnungen-hauser.at\/wp-content\/uploads\/2019\/06\/ferienwohnungen-hauser.at_.sommer-Motorradfahrer-1024x682.jpg 1024w\" sizes=\"auto, (max-width: 1100px) 100vw, 1100px\" \/>\n\t\t\t\t<\/a>\n\t\t\t\t\t<\/div>\n\t<\/div>\n\t<\/div>\n<\/div>\n<\/div>\n<\/div>\n\t\t\t<div class=\"fl-col fl-node-5d12908a09a96 fl-col-bg-color fl-col-small\" data-node=\"5d12908a09a96\">\n\t<div class=\"fl-col-content fl-node-content\"><div class=\"fl-module fl-module-rich-text fl-node-5d12908a09a98\" data-node=\"5d12908a09a98\">\n\t<div class=\"fl-module-content fl-node-content\">\n\t\t<div class=\"fl-rich-text\">\n\t<p>Motociklisti i biciklisti uvijek su dobrodo\u0161li u na\u0161u ku\u0107u.<\/p>\n<p>Na raspolaganju su vam besplatno gara\u017eno mjesto za motocikle kao i mjesta za odlaganje bicikala.<br \/>\nOd na\u0161e se ku\u0107e mo\u017ee krenuti na uzbudljive ture po Isto\u010dnom Tirolu, a prelaskom preko prijevoja Staller i po Ju\u017enom Tirolu.<\/p>\n<p>Isto je tako voza\u010dki u\u017eitak bez premca i dionica kroz prekrasnu i s obzirom na prirodu impozantnu dolinu Defereggen. Mjesta s lijeve i desne strane voza\u010da turisti\u010dki su dobro razvijena, me\u0111utim uspjela su sa\u010duvati svoj vlastiti \u0161arm. Mjesta\u0161ca Hopfgarten, Sankt Veit te Sankt Jakob sa svojim povijesnim sredi\u0161tima i mnogobrojnim ugostiteljskim mogu\u0107nostima vrlo su lijepa i isplati se u njima napraviti du\u017eu pauzu.<\/p>\n<\/div>\n\t<\/div>\n<\/div>\n<\/div>\n<\/div>\n\t<\/div>\n\t\t<\/div>\n\t<\/div>\n<\/div>\n<\/div>\t\t\n\t\t\t\t\t\tGolf\n\t\t\t<div class=\"fl-builder-content fl-builder-content-2114 fl-builder-template fl-builder-row-template fl-builder-global-templates-locked\" data-post-id=\"2114\"><div class=\"fl-row fl-row-full-width fl-row-bg-none fl-node-5d1291cf35385 fl-row-default-height fl-row-align-center\" data-node=\"5d1291cf35385\">\n\t<div class=\"fl-row-content-wrap\">\n\t\t\t\t\t\t<div class=\"fl-row-content fl-row-fixed-width fl-node-content\">\n\t\t\n<div class=\"fl-col-group fl-node-5d1291cf3537e\" data-node=\"5d1291cf3537e\">\n\t\t\t<div class=\"fl-col fl-node-5d1291cf35381 fl-col-bg-color fl-col-small\" data-node=\"5d1291cf35381\">\n\t<div class=\"fl-col-content fl-node-content\"><div class=\"fl-module fl-module-photo fl-node-5d1291cf35383\" data-node=\"5d1291cf35383\">\n\t<div class=\"fl-module-content fl-node-content\">\n\t\t<div role=\"figure\" class=\"fl-photo fl-photo-align-right\" itemscope itemtype=\"https:\/\/schema.org\/ImageObject\">\n\t<div class=\"fl-photo-content fl-photo-img-jpg\">\n\t\t\t\t<a href=\"https:\/\/ferienwohnungen-hauser.at\/wp-content\/uploads\/2019\/06\/ferienwohnungen-hauser.at_.Golf_.jpg\" target=\"_self\" itemprop=\"url\">\n\t\t\t\t<img loading=\"lazy\" decoding=\"async\" width=\"1100\" height=\"733\" class=\"fl-photo-img wp-image-1767\" src=\"https:\/\/ferienwohnungen-hauser.at.dnjepr.klubarbeit.net\/wp-content\/uploads\/2019\/06\/ferienwohnungen-hauser.at_.Golf_.jpg\" alt=\"ferienwohnungen-hauser.at.Golf\" title=\"ferienwohnungen-hauser.at.Golf\"  itemprop=\"image\" srcset=\"https:\/\/ferienwohnungen-hauser.at\/wp-content\/uploads\/2019\/06\/ferienwohnungen-hauser.at_.Golf_.jpg 1100w, https:\/\/ferienwohnungen-hauser.at\/wp-content\/uploads\/2019\/06\/ferienwohnungen-hauser.at_.Golf_-300x200.jpg 300w, https:\/\/ferienwohnungen-hauser.at\/wp-content\/uploads\/2019\/06\/ferienwohnungen-hauser.at_.Golf_-768x512.jpg 768w, https:\/\/ferienwohnungen-hauser.at\/wp-content\/uploads\/2019\/06\/ferienwohnungen-hauser.at_.Golf_-1024x682.jpg 1024w\" sizes=\"auto, (max-width: 1100px) 100vw, 1100px\" \/>\n\t\t\t\t<\/a>\n\t\t\t\t\t<\/div>\n\t<\/div>\n\t<\/div>\n<\/div>\n<\/div>\n<\/div>\n\t\t\t<div class=\"fl-col fl-node-5d1291cf35382 fl-col-bg-color fl-col-small\" data-node=\"5d1291cf35382\">\n\t<div class=\"fl-col-content fl-node-content\"><div class=\"fl-module fl-module-rich-text fl-node-5d1291cf35384\" data-node=\"5d1291cf35384\">\n\t<div class=\"fl-module-content fl-node-content\">\n\t\t<div class=\"fl-rich-text\">\n\t<p>Neobi\u010dan teren za golf s 9 rupa u jednom od samo pet dana za Platzreife - u novom parku Defereggental Golf najljep\u0161ih visokih planinskih dolina Tirola!<br \/>\nNovi park za golf Defereggental otvara se nakon mjeseci razra\u0111enih zemljanih radova u lipnju 2015. godine! Do\u017eivite izvanredno golf igrali\u0161te za golf s 9 rupa usred prekrasne prirode Defereggental i pogledom na impozantne planine.<br \/>\nPraksa golfa temelji se na ambicioznom planiranju arhitekta Dietharda Fahrenleitnera i nudi optimalne uvjete za treninge s besplatnim i pokrivenim T-om, velikom praksom u zelenoj boji i podru\u010dja za pe\u010denje. Na voznom podru\u010dju, golferi svih sposobnosti imaju koristi od brojnih zelenih igara - za zajam\u010deni uspjeh treninga.<br \/>\nUzmite mjesto za te\u010daj odmah!<br \/>\nU\u017eivajte u odmoru - nau\u010dite kako igrati golf!<\/p>\n<p>Za 220 eura po osobi:<\/p>\n<p>5 dana golf terena u novom parku Defereggental u malim grupama<br \/>\nIznajmljivanje opreme tijekom te\u010daja<br \/>\nPodu\u010davanje o pravilima i etiketi<br \/>\nPrethodni ispit (PE)<\/p>\n<p>Za vi\u0161e informacija molimo koristite na\u0161 <a href=\"\/kontakt\/\">upitni obrazac<\/a><br \/>\n<a href=\"http:\/\/defereggental-golfpark.com\" target=\"_blank\" rel=\"noopener\">www.defereggental-golfpark.com<\/a><\/p>\n<\/div>\n\t<\/div>\n<\/div>\n<\/div>\n<\/div>\n\t<\/div>\n\t\t<\/div>\n\t<\/div>\n<\/div>\n<\/div>\t\t\n\t\t\t\t\t\tPosjetite na\u0161 izvor ljekovite vode\n\t\t\t<div class=\"fl-builder-content fl-builder-content-2115 fl-builder-template fl-builder-row-template fl-builder-global-templates-locked\" data-post-id=\"2115\"><div class=\"fl-row fl-row-fixed-width fl-row-bg-none fl-node-5d12924eda171 fl-row-default-height fl-row-align-center\" data-node=\"5d12924eda171\">\n\t<div class=\"fl-row-content-wrap\">\n\t\t\t\t\t\t<div class=\"fl-row-content fl-row-fixed-width fl-node-content\">\n\t\t\n<div class=\"fl-col-group fl-node-5d12924eda16c\" data-node=\"5d12924eda16c\">\n\t\t\t<div class=\"fl-col fl-node-5d12924eda16f fl-col-bg-color\" data-node=\"5d12924eda16f\">\n\t<div class=\"fl-col-content fl-node-content\"><div class=\"fl-module fl-module-photo fl-node-5d12924eda170\" data-node=\"5d12924eda170\">\n\t<div class=\"fl-module-content fl-node-content\">\n\t\t<div role=\"figure\" class=\"fl-photo fl-photo-align-center\" itemscope itemtype=\"https:\/\/schema.org\/ImageObject\">\n\t<div class=\"fl-photo-content fl-photo-img-jpg\">\n\t\t\t\t<a href=\"https:\/\/ferienwohnungen-hauser.at\/wp-content\/uploads\/2019\/06\/ferienwohnungen-hauser.at_.sommer-Heilwasserquelle.jpg\" target=\"_self\" itemprop=\"url\">\n\t\t\t\t<img loading=\"lazy\" decoding=\"async\" width=\"1100\" height=\"388\" class=\"fl-photo-img wp-image-1793\" src=\"https:\/\/ferienwohnungen-hauser.at.dnjepr.klubarbeit.net\/wp-content\/uploads\/2019\/06\/ferienwohnungen-hauser.at_.sommer-Heilwasserquelle.jpg\" alt=\"ferienwohnungen-hauser.at.sommer-Heilwasserquelle\" title=\"ferienwohnungen-hauser.at.sommer-Heilwasserquelle\"  itemprop=\"image\" srcset=\"https:\/\/ferienwohnungen-hauser.at\/wp-content\/uploads\/2019\/06\/ferienwohnungen-hauser.at_.sommer-Heilwasserquelle.jpg 1100w, https:\/\/ferienwohnungen-hauser.at\/wp-content\/uploads\/2019\/06\/ferienwohnungen-hauser.at_.sommer-Heilwasserquelle-300x106.jpg 300w, https:\/\/ferienwohnungen-hauser.at\/wp-content\/uploads\/2019\/06\/ferienwohnungen-hauser.at_.sommer-Heilwasserquelle-768x271.jpg 768w, https:\/\/ferienwohnungen-hauser.at\/wp-content\/uploads\/2019\/06\/ferienwohnungen-hauser.at_.sommer-Heilwasserquelle-1024x361.jpg 1024w\" sizes=\"auto, (max-width: 1100px) 100vw, 1100px\" \/>\n\t\t\t\t<\/a>\n\t\t\t\t\t<\/div>\n\t<\/div>\n\t<\/div>\n<\/div>\n<\/div>\n<\/div>\n\t<\/div>\n\n<div class=\"fl-col-group fl-node-5d12924eda168\" data-node=\"5d12924eda168\">\n\t\t\t<div class=\"fl-col fl-node-5d12924eda16d fl-col-bg-color\" data-node=\"5d12924eda16d\">\n\t<div class=\"fl-col-content fl-node-content\"><div class=\"fl-module fl-module-rich-text fl-node-5d12924eda16e\" data-node=\"5d12924eda16e\">\n\t<div class=\"fl-module-content fl-node-content\">\n\t\t<div class=\"fl-rich-text\">\n\t<p><strong>Sironah\u00f6hle<\/strong><\/p>\n<p>Uronite u svijet Sirone!<br \/>\nDobijte profesionalno obja\u0161njenje efekata i aplikacija tijekom vo\u0111ene ture! Posjetite nas na jedinstvenom Mythenplatzu u St.Jakobu, gdje se umjetnost i priroda susre\u0107u i povezuju s misti\u010dnim cjelovitim umjetni\u010dkim djelom.<\/p>\n<p><strong>mitovi mjesto<\/strong><\/p>\n<p>Velika skulptura koja se ne pojavljuje kao strano tijelo i uklapa se u prirodu.<br \/>\nVi\u0161e informacija mo\u017eete prona\u0107i na: www.heilwasserquelle.at ili koristite na\u0161 <a href=\"\/kontakt\">upitni obrazac<\/a><\/p>\n<\/div>\n\t<\/div>\n<\/div>\n<\/div>\n<\/div>\n\t<\/div>\n\t\t<\/div>\n\t<\/div>\n<\/div>\n<\/div>\t\t\n","protected":false},"excerpt":{"rendered":"<p>Ljeto Destinacija za odmor sjeverno od alpskog masiva Deferegger ponosna je na svoju intaktnu, nedirnutu prirodu, daleko od masovnog turizma: ovdje mo\u017eete vidjeti surog orla kako lovi, u\u017eivati u svje\u017eoj mla\u0107enici s alpskih pa\u0161njaka i pustiti da izvorni i krepki doma\u0107ini na ju\u017enom balkonu Alpa ispunjavaju svaku Va\u0161u \u017eelju. Bilo da se radi o hoda\u010dima,&hellip;<\/p>\n","protected":false},"author":4,"featured_media":0,"parent":2133,"menu_order":0,"comment_status":"closed","ping_status":"closed","template":"","meta":{"footnotes":""},"class_list":["post-2108","page","type-page","status-publish","hentry"],"_links":{"self":[{"href":"https:\/\/ferienwohnungen-hauser.at\/hr\/wp-json\/wp\/v2\/pages\/2108","targetHints":{"allow":["GET"]}}],"collection":[{"href":"https:\/\/ferienwohnungen-hauser.at\/hr\/wp-json\/wp\/v2\/pages"}],"about":[{"href":"https:\/\/ferienwohnungen-hauser.at\/hr\/wp-json\/wp\/v2\/types\/page"}],"author":[{"embeddable":true,"href":"https:\/\/ferienwohnungen-hauser.at\/hr\/wp-json\/wp\/v2\/users\/4"}],"replies":[{"embeddable":true,"href":"https:\/\/ferienwohnungen-hauser.at\/hr\/wp-json\/wp\/v2\/comments?post=2108"}],"version-history":[{"count":3,"href":"https:\/\/ferienwohnungen-hauser.at\/hr\/wp-json\/wp\/v2\/pages\/2108\/revisions"}],"predecessor-version":[{"id":2116,"href":"https:\/\/ferienwohnungen-hauser.at\/hr\/wp-json\/wp\/v2\/pages\/2108\/revisions\/2116"}],"up":[{"embeddable":true,"href":"https:\/\/ferienwohnungen-hauser.at\/hr\/wp-json\/wp\/v2\/pages\/2133"}],"wp:attachment":[{"href":"https:\/\/ferienwohnungen-hauser.at\/hr\/wp-json\/wp\/v2\/media?parent=2108"}],"curies":[{"name":"wp","href":"https:\/\/api.w.org\/{rel}","templated":true}]}}