{"id":1984,"date":"2019-06-25T11:17:26","date_gmt":"2019-06-25T09:17:26","guid":{"rendered":"https:\/\/ferienwohnungen-hauser.at.dnjepr.klubarbeit.net\/?page_id=1984"},"modified":"2020-10-22T16:29:38","modified_gmt":"2020-10-22T14:29:38","slug":"kontakt","status":"publish","type":"page","link":"https:\/\/ferienwohnungen-hauser.at\/hr\/kontakt\/","title":{"rendered":"Kontakt"},"content":{"rendered":"\n\t<iframe src=\"https:\/\/www.google.com\/maps\/embed\/v1\/place?q=Fr%C3%BChst%C3%BCckspension+und+Ferienwohnungen+Hauser%2C+Unterrotte+89%2C+9963+St.+Jakob+in+Defereggental&#038;key=AIzaSyD09zQ9PNDNNy9TadMuzRV_UsPUoWKntt8\" aria-hidden=\"true\"><\/iframe>\n\t\t<h3>\n\t\t\tKontakt\n\t\t<\/h3>\n\t<h4><strong>Odgovornost za sadr\u017eaj<\/strong><\/h4>\n<strong>Fr\u00fchst\u00fcckspension und Ferienwohnungen Hauser<\/strong><br \/>\nUnterrotte 89<br \/>\n9963 St. Jakob in Defereggental<br \/>\n\u00d6sterreich &#8211; Osttirol\n<strong>Tel.:<\/strong> <a href=\"tel:004348735239\">+43 4873 5239<\/a><br \/>\n<strong>Mobitel.:<\/strong> +<a href=\"tel:004306764096335\">43 06764096335<\/a><br \/>\n<strong>Fax.:<\/strong> +<a href=\"fax:004348735158\">43 4873 5158<\/a><br \/>\n<strong>E-mail.:<\/strong> <a title=\"Mail an info@ferienwohnungen-hauser.at\" href=\"mailto:info@ferienwohnungen-hauser.at\">info@ferienwohnungen-hauser.at<\/a>\n<strong>Naziv banke.:<\/strong> Dolomitenbank| BLZ 40730<br \/>\n<strong>IBAN.:<\/strong> AT04 4073 0102 1000 5350<br \/>\n<strong>BIC.:<\/strong> LISPAT21<br \/>\n<strong>UID broj.:\u00a0<\/strong> ATU 30729101\n<form >\n    <h3>\n\t\t<\/h3>\n\t\n\t\t\n    \t\t<label for=\"pp-name-\">ime<\/label>\n    \t\tPlease enter your name.\n    \t\t<input type=\"text\" name=\"pp-name\" id=\"pp-name-\" value=\"\" placeholder=\"ime\"  \/>\n    \t\t<label for=\"pp-email-\">Email<\/label>\n    \t\tPlease enter a valid email.\n    \t\t<input type=\"email\" name=\"pp-email\" id=\"pp-email-\" value=\"\" placeholder=\"Email\"  \/>\n    \t\t<label for=\"pp-phone-\">Telefon<\/label>\n    \t\tPlease enter a valid phone number.\n    \t\t<input type=\"tel\" name=\"pp-phone\" id=\"pp-phone-\" value=\"\" placeholder=\"Telefon\"  \/>\n    \t\t<label for=\"pp-subject-\">Obzir<\/label>\n    \t\tPlease enter a subject.\n    \t\t<input type=\"text\" name=\"pp-subject\" id=\"pp-subject-\" value=\"\" placeholder=\"Obzir\"  \/>\n    \t\t<label for=\"pp-message-\">Poruka<\/label>\n    \t\tPlease enter a message.\n    \t\t<textarea name=\"pp-message\" id=\"pp-message-\" placeholder=\"Poruka\" ><\/textarea>\n    \t<a href=\"#\" target=\"_self\" role=\"button\" rel=\"noopener noreferrer\">\n    \t\t    \t\t    \t\tPoslati\n    \t\t    \t\t    \t<\/a>\n\t\t\tMessage failed. Please try again.\n<\/form>\n  <p>Vielen Dank f\u00fcr Deine Nachricht! Wir werden uns bald bei Dir melden.<\/p>\n\t\t<h3>\n\t\t\tpristup\n\t\t<\/h3>\n\t<style>\n    \/*******\/\n.kommen-form input  {\n\tdisplay:inline-block;\n\tborder-radius:0;\n\tborder:1px solid #ccc;\n\tmargin:5px;\n\theight:42px;\n\twidth:calc(100% - 270px);\n\tbackground:#fff;\n}\n.kommen-form .submit{\n\tcolor:#fff;\n\twidth:250px;\n\theight:40px;\n\tmargin:5!important;\n\tborder:none;\n\ttext-transform:uppercase;\n\tletter-spacing:2px;\n}\n.kommen-form .submit:hover{\n\tborder:none;\n\tcolor:#fff;\n}\n@media(max-width:768px){\n.kommen-form input  {\n\twidth:100%;\n}\n.kommen-form .submit{\nwidth:100%!important;\n}\n}\n\/********************\/\n<\/style>\n<form action=\"http:\/\/maps.google.com\/maps\" method=\"get\" target=\"_new\">\n  <input type=\"hidden\" name=\"daddr\" value=\"Unterrotte 89, 9963 St. Jakob in Defereggental, \u00d6sterreich\">\n<input type=\"hidden\" name=\"ie\" value=\"UTF8\"><input type=\"hidden\" name=\"hl\" value=\"de\">\n<input type=\"text\" name=\"saddr\" placeholder=\"Kako do\u0107i do nas | Planiranje rute s adrese\"><input type=\"submit\" value=\"Izra\u010dunajte rutu\">\n<\/form>\n\t<p><strong>Automobilom do St. Jakob, Defereggental (Austrija)<\/strong><\/p>\n<p>iz Be\u010da: na S\u00fcdautobahn do Graza &#8211; Klagenfurt &#8211; Villach &#8211; Spittal &#8211; zatim preko Drautalbundesstrasse &#8211; Lienz &#8211; Huben &#8211; skrenite lijevo u Defereggental &#8211; St. Jakob OR preko smjera Westautobahn Linz, Salzburg do Bischofshofen, preko Zell am See, Mittersill, Felbertauern, Huben &#8211; pravo u Defereggental &#8211; St. Jakob.<\/p>\n<p>Iz Njema\u010dke: preko M\u00fcnchena, nastavite autocestom prema Kiefersfelden \/ Kufstein, na Kufstein S\u00fcd napustite autocestu. Nastavite prema Kufsteinu, Kitzb\u00fchelu, Mittersilu, Felbertauernstrasse ili tunelu do Hubena. U Hubenu skrenite desno u Defereggental.Na\u0161e ku\u0107e nalaze se u samom sredi\u0161tu St. Jakoba, s glavne ceste. Iz \u0160vicarske: preko Feldkircha &#8211; Landeck &#8211; Innsbruck &#8211; W\u00f6rgl &#8211; St. Johann &#8211; Kitzb\u00fchel &#8211; Felbertauern &#8211; Huben &#8211; skrenite lijevo u Defereggental &#8211; St. Jakob.<\/p>\n<p>Na\u0161e ku\u0107e nalaze se u samom sredi\u0161tu St. Jakoba u Defereggentalu<\/p>\n\t<p><strong>Dolazak u St. Jakob u Defereggentalu<\/strong><\/p>\n<a href=\"http:\/\/anreise.osttirol.com\/\">http:\/\/anreise.osttirol.com\/<\/a><br \/>\n<a href=\"http:\/\/www.felbertauernstrasse.at\/de\/\">http:\/\/www.felbertauernstrasse.at\/de\/<\/a>\n<p><strong>Raspored vlakova \u00d6BB<\/strong><\/p>\n<p><a href=\"http:\/\/fahrplan.oebb.at\/\">http:\/\/fahrplan.oebb.at\/<\/a><\/p>\n<p><strong>Avionom:<\/strong><\/p>\n<ul>\n<li>Zra\u010dna luka Klagenfurt: oko 150 km<\/li>\n<li>Zra\u010dna luka Innsbruck: oko 200 km<\/li>\n<li>Zra\u010dna luka Salzburg: oko 200 km<\/li>\n<li><a href=\"http:\/\/www.skycheck.de\/\">http:\/\/www.skycheck.de\/<\/a><\/li>\n<\/ul>\n","protected":false},"excerpt":{"rendered":"<p>Kontakt Odgovornost za sadr\u017eaj Fr\u00fchst\u00fcckspension und Ferienwohnungen Hauser Unterrotte 89 9963 St. Jakob in Defereggental \u00d6sterreich &#8211; Osttirol Tel.: +43 4873 5239 Mobitel.: +43 06764096335 Fax.: +43 4873 5158 E-mail.: info@ferienwohnungen-hauser.at Naziv banke.: Dolomitenbank| BLZ 40730 IBAN.: AT04 4073 0102 1000 5350 BIC.: LISPAT21 UID broj.:\u00a0 ATU 30729101 ime Please enter your name. Email Please&hellip;<\/p>\n","protected":false},"author":4,"featured_media":0,"parent":0,"menu_order":0,"comment_status":"closed","ping_status":"closed","template":"","meta":{"footnotes":""},"class_list":["post-1984","page","type-page","status-publish","hentry"],"_links":{"self":[{"href":"https:\/\/ferienwohnungen-hauser.at\/hr\/wp-json\/wp\/v2\/pages\/1984","targetHints":{"allow":["GET"]}}],"collection":[{"href":"https:\/\/ferienwohnungen-hauser.at\/hr\/wp-json\/wp\/v2\/pages"}],"about":[{"href":"https:\/\/ferienwohnungen-hauser.at\/hr\/wp-json\/wp\/v2\/types\/page"}],"author":[{"embeddable":true,"href":"https:\/\/ferienwohnungen-hauser.at\/hr\/wp-json\/wp\/v2\/users\/4"}],"replies":[{"embeddable":true,"href":"https:\/\/ferienwohnungen-hauser.at\/hr\/wp-json\/wp\/v2\/comments?post=1984"}],"version-history":[{"count":3,"href":"https:\/\/ferienwohnungen-hauser.at\/hr\/wp-json\/wp\/v2\/pages\/1984\/revisions"}],"predecessor-version":[{"id":3004,"href":"https:\/\/ferienwohnungen-hauser.at\/hr\/wp-json\/wp\/v2\/pages\/1984\/revisions\/3004"}],"wp:attachment":[{"href":"https:\/\/ferienwohnungen-hauser.at\/hr\/wp-json\/wp\/v2\/media?parent=1984"}],"curies":[{"name":"wp","href":"https:\/\/api.w.org\/{rel}","templated":true}]}}