{"id":1758,"date":"2019-06-16T23:27:07","date_gmt":"2019-06-16T21:27:07","guid":{"rendered":"https:\/\/ferienwohnungen-hauser.at.dnjepr.klubarbeit.net\/?page_id=1758"},"modified":"2019-06-28T12:23:10","modified_gmt":"2019-06-28T10:23:10","slug":"impressum","status":"publish","type":"page","link":"https:\/\/ferienwohnungen-hauser.at\/hr\/impressum\/","title":{"rendered":"Impressum"},"content":{"rendered":"\n\t\t<h3>\n\t\t\tImpressum\n\t\t<\/h3>\n\t\t<h4><strong>F\u00fcr den Inhalt verantwortlich<\/strong><\/h4><p><strong>Fr\u00fchst\u00fcckspension und Ferienwohnungen Hauser<\/strong><br \/>Unterrotte 89<br \/>9963 St. Jakob in Defereggental<br \/>\u00d6sterreich &#8211; Osttirol<strong>Tel.:<\/strong>\u00a0<a href=\"tel:004348735239\">+43 4873 5239<\/a><br \/><strong>Handy.:<\/strong> <a href=\"tel:004306764096335\">+43 06764096335<\/a><br \/><strong>Fax.:<\/strong> <a href=\"fax:004348735158\">+43 4873 5158<\/a><br \/><strong>E-mail.:<\/strong>\u00a0<a title=\"Mail an info@ferienwohnungen-hauser.at\" href=\"mailto:info@ferienwohnungen-hauser.at\">info@ferienwohnungen-hauser.at<\/a><strong>Name der Bank.:<\/strong>\u00a0Lienzer Sparkasse Kontonummer: 0200001964| BLZ 20507<br \/><strong>IBAN.:<\/strong>\u00a0AT722050700200001964<br \/><strong>BIC.:<\/strong>\u00a0LISPAT21<br \/><strong>UID Nummer.:\u00a0<\/strong> ATU 60424605<a href=\"http:\/\/anreise.osttirol.com\/\" target=\"_blank\" rel=\"noopener noreferrer\"><img decoding=\"async\" src=\"\/wp-content\/uploads\/2019\/06\/osttirol-button-200.png\" \/><\/a><\/p>\t\n\t\t\t\t\t\tHaftungsausschluss\n\t\t\t<p>1. Inhalte<br \/>Fam. Hauser \u00fcbernimmt keinerlei Gew\u00e4hr f\u00fcr die Aktualit\u00e4t, Korrektheit, Vollst\u00e4ndigkeit oder Qualit\u00e4t der bereitgestellten Informationen. Haftungsanspr\u00fcche gegen den Autor, die sich auf Sch\u00e4den materieller oder ideeller Art beziehen, welche durch die Nutzung oder Nichtnutzung der dargebotenen Informationen bzw. durch die Nutzung fehlerhafter und unvollst\u00e4ndiger Informationen verursacht wurden sind grunds\u00e4tzlich ausgeschlossen, sofern seitens des Autors kein nachweislich vors\u00e4tzliches oder grob fahrl\u00e4ssiges Verschulden vorliegt. Alle Angebote sind freibleibend und unverbindlich. Der Autor beh\u00e4lt es sich ausdr\u00fccklich vor, Teile der Seiten oder das gesamte Angebot ohne gesonderte Ank\u00fcndigung zu ver\u00e4ndern, zu erg\u00e4nzen, zu l\u00f6schen oder die Ver\u00f6ffentlichung zeitweise oder endg\u00fcltig einzustellen.<\/p>\n<p>2. Verweise und Links<br \/>Sofern auf Verweisziele (&#8220;Links&#8221;) direkt oder indirekt verwiesen wird, die au\u00dferhalb des Verantwortungsbereiches des Autors liegen, haftet dieser nur dann, wenn er von den Inhalten Kenntnis hat und es ihm technisch m\u00f6glich und zumutbar w\u00e4re, die Nutzung im Falle rechtswidriger Inhalte zu verhindern. F\u00fcr dar\u00fcber hinausgehende Inhalte und insbesondere f\u00fcr Sch\u00e4den, die aus der Nutzung oder Nichtnutzung solcherart dargebotener Informationen entstehen, haftet allein der Anbieter der Seite, auf welche verwiesen wurde, nicht derjenige, der \u00fcber Links auf die jeweilige Ver\u00f6ffentlichung lediglich verweist. Diese Einschr\u00e4nkung gilt gleicherma\u00dfen auch f\u00fcr Fremdeintr\u00e4ge in vom Autor eingerichteten G\u00e4steb\u00fcchern, Diskussionsforen und Mailinglisten.<\/p>\n<p>3. Urheberrecht<br \/>Fam. Hauser ist bestrebt, in allen Publikationen die Urheberrechte der verwendeten Grafiken, Tondokumente, Videosequenzen und Texte zu beachten, von ihm selbst erstellte Grafiken, Tondokumente, Videosequenzen und Texte zu nutzen oder auf lizenzfreie Grafiken, Tondokumente, Videosequenzen und Texte zur\u00fcckzugreifen. Das Copyright f\u00fcr ver\u00f6ffentlichte, vom Autor selbst erstellte Objekte bleibt allein beim Autor der Seiten. Eine Vervielf\u00e4ltigung oder Verwendung solcher Grafiken, Tondokumente, Videosequenzen und Texte in anderen elektronischen oder gedruckten Publikationen ist ohne ausdr\u00fcckliche Zustimmung des Autors nicht gestattet.<\/p>\n<p>4. Rechtswirksamkeit dieses Haftungsausschlusses<br \/>Sofern Teile oder einzelne Formulierungen dieses Textes der geltenden Rechtslage nicht, nicht mehr oder nicht vollst\u00e4ndig entsprechen sollten, bleiben die \u00fcbrigen Teile des Dokumentes in ihrem Inhalt und ihrer G\u00fcltigkeit davon unber\u00fchrt.<\/p>\n<h3>R\u00fccktritt vom Beherbergungsvertrag<\/h3>\n<p>(1) Bis sp\u00e4testens drei Monate vor dem vereinbarten Ankunftstag des Gastes kann der Beherbergungsvertrag ohne Entrichtung einer Stornogeb\u00fchr von beiden Vertragspartnern durch einseitige Erkl\u00e4rung aufgel\u00f6st werden. Die Stornoerkl\u00e4rung muss bis sp\u00e4testens drei Monate vor dem vereinbarten Ankunftstag des Gastes in H\u00e4nden des Vertragspartners sein.<\/p>\n<p>(2) Bis sp\u00e4testens einen Monat vor dem vereinbarten Ankunftstag des Gastes kann der Beherbergungsvertrag von beiden Vertragspartnern durch einseitige Erkl\u00e4rung aufgel\u00f6st werden, es ist jedoch eine Stornogeb\u00fchr im Ausma\u00df des Zimmerpreises f\u00fcr drei Tage zu bezahlen.<br \/>Die Stornoerkl\u00e4rung muss bis sp\u00e4testens einen Monat vor dem vereinbarten Ankunftstag des Gastes in den H\u00e4nden des Vertragspartners sein.<\/p>\n<p>(3) Der Beherberger hat das Recht, f\u00fcr den Fall, dass der Gast bis 18 Uhr des vereinbarten Tages nicht erscheint, vom Vertrag zur\u00fcckzutreten, es sei denn, dass ein sp\u00e4terer Ankunftszeitpunkt vereinbart wurde.<\/p>\n<p>(4) Hat der Gast eine Anzahlung geleistet, so bleibt (bleiben) dagegen der Raum (die R\u00e4ume) bis sp\u00e4testens 21 Uhr des folgenden Tages reserviert.<\/p>\n<p>(5) Auch wenn der Gast die bestellten R\u00e4ume bzw. die Pensionsleistung nicht in Anspruch nimmt, ist er dem Beherberger gegen\u00fcber zur Bezahlung des vereinbarten Entgeltes verpflichtet. Der Beherberger muss jedoch in Abzug bringen, was er sich infolge Nichtinanspruchnahme seines Leistungsangebotes erspart oder was er durch anderweitige Vermietung der bestellten R\u00e4ume erhalten hat. Erfahrungsgem\u00e4\u00df werden in den meisten F\u00e4llen die Ersparungen des Betriebes infolge des Unterbleibens der Leistung 20 Prozent des Zimmerpreises sowie 30 Prozent des Verpflegungspreises betragen.<\/p>\n<p>(6) Dem Beherberger obliegt es, sich um eine anderweitige Vermietung der nicht in Anspruch genommenen R\u00e4ume den Umst\u00e4nden entsprechend zu bem\u00fchen. (\u00a7 1107 ABGB).<\/p>\n<p>Beendigung der Beherbergung<br \/>Wurde der Beherbergungsvertrag auf bestimmte Zeit vereinbart, so endet er mit dem Zeitablauf. Reist der Gast vorzeitig ab, so ist der Beherberger berechtigt, das volle vereinbarte Entgelt zu verlangen. Dem Beherberger obliegt es jedoch, sich um eine anderweitige Vermietung der in Anspruch genommenen R\u00e4ume, den Umst\u00fcnden entsprechend, zu bem\u00fchen.<\/p>\n<p>Es gelten die \u00f6sterreichischen Vertragsbedingungen &#8211; Download unter:<\/p>\n<p><a href=\"http:\/\/www.hotelverband.at\/down\/AGBH_061115.pdf\" target=\"_blank\" rel=\"noopener noreferrer\">http:\/\/www.hotelverband.at\/down\/AGBH_061115.pdf<\/a><\/p>\n\t\t\t\t\t\tDatenschutzerkl\u00e4rung\n\t\t\t<ol>\n<li><strong>Datenschutz<\/strong><br \/>Als Betreiber dieser Seiten nehmen wir den Schutz Ihrer pers\u00f6nlichen Daten sehr ernst. Wir behandeln Ihre personenbezogenen Daten vertraulich und entsprechend der gesetzlichen Datenschutzvorschriften sowie dieser Datenschutzerkl\u00e4rung. Die Nutzung unserer Webseite ist in der Regel ohne Angabe personenbezogener Daten m\u00f6glich. Soweit auf unseren Seiten personenbezogene Daten (beispielsweise Name, Anschrift oder E-Mail-Adressen) erhoben werden, erfolgt dies, soweit m\u00f6glich, stets auf freiwilliger Basis. Diese Daten werden ohne Ihre ausdr\u00fcckliche Zustimmung nicht an Dritte weitergegeben. Wir weisen darauf hin, dass die Daten\u00fcbertragung im Internet (z.B. bei der Kommunikation per E-Mail) Sicherheitsl\u00fccken aufweisen kann. Ein l\u00fcckenloser Schutz der Daten vor dem Zugriff durch Dritte ist nicht m\u00f6glich.<\/li>\n<li><strong>Cookies<\/strong><br \/>Die Internetseiten verwenden teilweise so genannte Cookies. Cookies richten auf Ihrem Rechner keinen Schaden an und enthalten keine Viren. Cookies dienen dazu, unser Angebot nutzerfreundlicher, effektiver und sicherer zu machen. Cookies sind kleine Textdateien, die auf Ihrem Rechner abgelegt werden und die Ihr Browser speichert. Die meisten der von uns verwendeten Cookies sind so genannte \u201eSession-Cookies\u201c. Sie werden nach Ende Ihres Besuchs automatisch gel\u00f6scht. Andere Cookies bleiben auf Ihrem Endger\u00e4t gespeichert, bis Sie diese l\u00f6schen. Diese Cookies erm\u00f6glichen es uns, Ihren Browser beim n\u00e4chsten Besuch wiederzuerkennen. Sie k\u00f6nnen Ihren Browser so einstellen, dass Sie \u00fcber das Setzen von Cookies informiert werden und Cookies nur im Einzelfall erlauben, die Annahme von Cookies f\u00fcr bestimmte F\u00e4lle oder generell ausschlie\u00dfen sowie das automatische L\u00f6schen der Cookies beim Schlie\u00dfen des Browser aktivieren. Bei der Deaktivierung von Cookies kann die Funktionalit\u00e4t dieser Website eingeschr\u00e4nkt sein.<\/li>\n<li><strong>Server-Log-Files<\/strong><br \/>Der Provider der Seiten erhebt und speichert automatisch Informationen in so genannten Server-Log Files, die Ihr Browser automatisch an uns \u00fcbermittelt. Dies sind: Browsertyp und Browserversion, verwendetes Betriebssystem, Referrer URL, Hostname des zugreifenden Rechners, Uhrzeit der Serveranfrage. Diese Daten sind nicht bestimmten Personen zuordenbar. Eine Zusammenf\u00fchrung dieser Daten mit anderen Datenquellen wird nicht vorgenommen. Wir behalten uns vor, diese Daten nachtr\u00e4glich zu pr\u00fcfen, wenn uns konkrete Anhaltspunkte f\u00fcr eine rechtswidrige Nutzung bekannt werden.<\/li>\n<li><strong>Kontaktformular<\/strong><br \/>Wenn Sie uns per Kontaktformular Anfragen zukommen lassen, werden Ihre Angaben aus dem Anfrageformular inklusive der von Ihnen dort angegebenen Kontaktdaten zwecks Bearbeitung der Anfrage und f\u00fcr den Fall von Anschlussfragen bei uns gespeichert. Diese Daten geben wir nicht ohne Ihre Einwilligung weiter.<\/li>\n<li><strong>Google Analytics<\/strong><br \/>Diese Website nutzt Funktionen des Webanalysedienstes Google Analytics. Anbieter ist die Google Inc., 1600 Amphitheatre Parkway Mountain View, CA 94043, USA. Google Analytics verwendet so genannte &#8220;Cookies&#8221;. Das sind Textdateien, die auf Ihrem Computer gespeichert werden und die eine Analyse der Benutzung der Website durch Sie erm\u00f6glichen. Die durch den Cookie erzeugten Informationen \u00fcber Ihre Benutzung dieser Website werden in der Regel an einen Server von Google in den USA \u00fcbertragen und dort gespeichert.<\/li>\n<li>IP-Anonymisierung<br \/>Wir haben auf dieser Webseite die Funktion IP-Anonymisierung aktiviert. Dadurch wird Ihre IP-Adresse von Google innerhalb von Mitgliedstaaten der Europ\u00e4ischen Union oder in anderen Vertragsstaaten des Abkommens \u00fcber den Europ\u00e4ischen Wirtschaftsraum vor der \u00dcbermittlung in die USA gek\u00fcrzt. Nur in Ausnahmef\u00e4llen wird die volle IP-Adresse an einen Server von Google in den USA \u00fcbertragen und dort gek\u00fcrzt. Im Auftrag des Betreibers dieser Website wird Google diese Informationen benutzen, um Ihre Nutzung der Website auszuwerten, um Reports \u00fcber die Websiteaktivit\u00e4ten zusammenzustellen und um weitere mit der Websitenutzung und der Internetnutzung verbundene Dienstleistungen gegen\u00fcber dem Websitebetreiber zu erbringen. Die im Rahmen von Google Analytics von Ihrem Browser \u00fcbermittelte IP-Adresse wird nicht mit anderen Daten von Google zusammengef\u00fchrt.<\/li>\n<li>Browser Plugin<br \/>Sie k\u00f6nnen die Speicherung der Cookies durch eine entsprechende Einstellung Ihrer Browser-Software verhindern; wir weisen Sie jedoch darauf hin, dass Sie in diesem Fall gegebenenfalls nicht s\u00e4mtlicheFunktionen dieser Website vollumf\u00e4nglich werden nutzen k\u00f6nnen. Sie k\u00f6nnen dar\u00fcber hinaus die Erfassung der durch den Cookie erzeugten und auf Ihre Nutzung der Website bezogenen Daten (inkl.Ihrer IP-Adresse) an Google sowie die Verarbeitung dieser Daten durch Google verhindern, indem Sie das unter dem folgenden Link verf\u00fcgbare Browser-Plugin herunterladen und installieren:\u00a0<a href=\"https:\/\/tools.google.com\/dlpage\/gaoptout?hl=de\">https:\/\/tools.google.com\/dlpage\/gaoptout?hl=de<\/a><\/li>\n<li>Widerspruch gegen Datenerfassung<br \/>Sie k\u00f6nnen die Erfassung Ihrer Daten durch Google Analytics verhindern, indem Sie auf folgenden Link klicken. Es wird ein Opt-Out-Cookie gesetzt, der die Erfassung Ihrer Daten bei zuk\u00fcnftigen Besuchen dieser Website verhindert:\u00a0<a href=\"https:\/\/tools.google.com\/dlpage\/gaoptout?hl=de\">Google Analytics deaktivieren<\/a>. Mehr Informationen zum Umgang mit Nutzerdaten bei Google Analytics finden Sie in der Datenschutzerkl\u00e4rung von Google:\u00a0<a href=\"https:\/\/support.google.com\/analytics\/answer\/6004245?hl=de\">https:\/\/support.google.com\/analytics\/answer\/6004245?hl=de<\/a><\/li>\n<li>Demografische Merkmale bei Google Analytics<br \/>Diese Website nutzt die Funktion \u201cdemografische Merkmale\u201d von Google Analytics. Dadurch k\u00f6nnen Berichte erstellt werden, die Aussagen zu Alter, Geschlecht und Interessen der Seitenbesucher enthalten. Diese Daten stammen aus interessenbezogener Werbung von Google sowie aus Besucherdaten von Drittanbietern. Diese Daten k\u00f6nnen keiner bestimmten Person zugeordnet werden. Sie k\u00f6nnen diese Funktion jederzeit \u00fcber die Anzeigeneinstellungen in Ihrem Google-Konto deaktivieren oder die Erfassung Ihrer Daten durch Google Analytics wie im Punkt \u201cWiderspruch gegen Datenerfassung\u201d dargestellt generell untersagen.<\/li>\n<li><strong>Google Maps<\/strong><br \/>Diese Website benutzt Google Maps zur Darstellung von Karten und zur Erstellung von Anfahrtspl\u00e4nen. Google Maps wird von Google Inc., 1600 Amphitheatre Parkway, Mountain View, CA 94043, USA betrieben. Durch die Nutzung dieser Website erkl\u00e4ren Sie sich mit der Erfassung, Bearbeitung sowie der Nutzung der automatisch erhobenen sowie der von Ihnen eingegeben Daten durch Google, einer seiner Vertreter, oder Drittanbieter einverstanden. Die Nutzungsbedingungen f\u00fcr Google Maps finden Sie unter Nutzungsbedingungen f\u00fcr Google Maps. Ausf\u00fchrliche Details finden Sie im Datenschutz-Center von google.de:\u00a0<a href=\"https:\/\/www.google.com\/intl\/de\/policies\/privacy\/#infochoices\">Transparenz und Wahlm\u00f6glichkeiten<\/a>.<\/li>\n<li><strong>Verwendung von Webfonts<\/strong><br \/>Auf unserer Webseite werden externe Schriften, Google Fonts verwendet. Google Fonts ist ein Dienst der Google Inc., 1600 Amphitheatre Parkway Mountain View, CA 94043, USA. Die Einbindung dieser Web Fonts erfolgt durch einen Serveraufruf, in der Regel ein Server von Google in den USA. Hierdurch wird an den Server \u00fcbermittelt, welche unserer Internetseiten Sie besucht haben. Auch wird die IP-Adresse des Browsers des Endger\u00e4tes des Besuchers dieser Internetseiten von Google gespeichert. N\u00e4here Informationen finden Sie in den Datenschutzhinweisen von Google, die Sie hier abrufen k\u00f6nnen:\u00a0<a href=\"https:\/\/fonts.google.com\/about\">https:\/\/fonts.google.com\/about<\/a><br \/><a href=\"https:\/\/www.google.com\/policies\/privacy\/\">https:\/\/www.google.com\/policies\/privacy\/<\/a><\/li>\n<li><strong>Facebook-Plugins (Like-Button)<\/strong><br \/>Auf unseren Seiten sind Plugins des sozialen Netzwerks Facebook, Anbieter Facebook Inc., 1 Hacker Way, Menlo Park, California 94025, USA, integriert. Die Facebook-Plugins erkennen Sie an demFacebook-Logo oder dem &#8220;Like-Button&#8221; (&#8220;Gef\u00e4llt mir&#8221;) auf unserer Seite. Eine \u00dcbersicht \u00fcber die Facebook-Plugins finden Sie hier:<a href=\"http:\/\/developers.facebook.com\/docs\/plugins\/\">http:\/\/developers.facebook.com\/docs\/plugins\/<\/a>.Wenn Sie unsere Seiten besuchen, wird \u00fcber das Plugin eine direkte Verbindung zwischen Ihrem Browser und dem Facebook-Server hergestellt. Facebook erh\u00e4lt dadurch die Information, dass Sie mit Ihrer IP-Adresse unsere Seite besucht haben. Wenn Sie den Facebook &#8220;Like-Button&#8221; anklicken w\u00e4hrend Sie in Ihrem Facebook-Account eingeloggt sind, k\u00f6nnen Sie die Inhalte unserer Seiten auf Ihrem Facebook-Profil verlinken. Dadurch kann Facebook den Besuch unserer Seiten Ihrem Benutzerkonto zuordnen. Wir weisen darauf hin, dass wir als Anbieter der Seiten keine Kenntnis vom Inhalt der \u00fcbermittelten Daten sowie deren Nutzung durch Facebook erhalten. Weitere Informationen hierzu finden Sie in der Datenschutzerkl\u00e4rung von Facebook unter<a href=\"http:\/\/de-de.facebook.com\/policy.php\">\u00a0http:\/\/de-de.facebook.com\/policy.php<\/a>. Wenn Sie nicht w\u00fcnschen, dass Facebook den Besuch unserer Seiten Ihrem Facebook-Nutzerkonto zuordnen kann, loggen Sie sich bitte aus Ihrem Facebook Benutzerkonto aus.<\/li>\n<li><strong>SSL-Verschl\u00fcsselung<\/strong><br \/>Diese Seite nutzt aus Gr\u00fcnden der Sicherheit und zum Schutz der \u00dcbertragung vertraulicher Inhalte, wie zum Beispiel der Anfragen, die Sie an uns als Seitenbetreiber senden, eine SSL-Verschl\u00fcsselung. Eine verschl\u00fcsselte Verbindung erkennen Sie daran, dass die Adresszeile des Browsers von &#8220;http:\/\/&#8221; auf &#8220;https:\/\/&#8221; wechselt und an dem Schloss-Symbol in Ihrer Browserzeile. Wenn die SSL Verschl\u00fcsselung aktiviert ist, k\u00f6nnen die Daten, die Sie an uns \u00fcbermitteln, nicht von Dritten mitgelesen werden.<\/li>\n<li><strong>Recht auf Auskunft, L\u00f6schung, Sperrung<\/strong><br \/>Sie haben jederzeit das Recht auf unentgeltliche Auskunft \u00fcber Ihre gespeicherten personenbezogenen Daten, deren Herkunft und Empf\u00e4nger und den Zweck der Datenverarbeitung sowie ein Recht auf Berichtigung, Sperrung oder L\u00f6schung dieser Daten. Hierzu sowie zu weiteren Fragen zum Thema personenbezogene Daten k\u00f6nnen Sie sich jederzeit unter der im Impressum angegebenen Adresse an<br \/>uns wenden.<\/li>\n<li><strong>Widerspruch Werbe-Mails<\/strong><br \/>Der Nutzung von im Rahmen der Impressumspflicht ver\u00f6ffentlichten Kontaktdaten zur \u00dcbersendung von nicht ausdr\u00fccklich angeforderter Werbung und Informationsmaterialien wird hiermit widersprochen. Die Betreiber der Seiten behalten sich ausdr\u00fccklich rechtliche Schritte im Falle der unverlangten Zusendung von Werbeinformationen, etwa durch Spam-E-Mails, vor.<\/li>\n<li>Quellenangaben: Datenschutzerkl\u00e4rung von\u00a0<a href=\"https:\/\/www.e-recht24.de\/\">eRecht24<\/a>, dem Portal zum Internetrecht von Rechtsanwalt S\u00f6ren Siebert,\u00a0<a href=\"https:\/\/www.google.de\/intl\/de\/policies\/privacy\/\">Google Analytics Datenschutzerkl\u00e4rung<\/a>.<\/li>\n<\/ol>\n\t\t<h3>\n\t\t\tWEBHOSTING PROGRAMMIERUNG\n\t\t<\/h3>\n\t\t<p><a href=\"https:\/\/klubarbeit.net\" target=\"_blank\" rel=\"noopener noreferrer\"><img decoding=\"async\" src=\"https:\/\/klubarbeit.net\/klubarbeit.net-logo.png\" \/><\/a><br \/><a href=\"mailto:office@klubarbeit.net\">office@klubarbeit.net<\/a><br \/>Web | EDV | Multimedia<\/p>\t\n","protected":false},"excerpt":{"rendered":"<p>Impressum F\u00fcr den Inhalt verantwortlich Fr\u00fchst\u00fcckspension und Ferienwohnungen HauserUnterrotte 899963 St. Jakob in Defereggental\u00d6sterreich &#8211; OsttirolTel.:\u00a0+43 4873 5239Handy.: +43 06764096335Fax.: +43 4873 5158E-mail.:\u00a0info@ferienwohnungen-hauser.atName der Bank.:\u00a0Lienzer Sparkasse Kontonummer: 0200001964| BLZ 20507IBAN.:\u00a0AT722050700200001964BIC.:\u00a0LISPAT21UID Nummer.:\u00a0 ATU 60424605 Haftungsausschluss 1. InhalteFam. Hauser \u00fcbernimmt keinerlei Gew\u00e4hr f\u00fcr die Aktualit\u00e4t, Korrektheit, Vollst\u00e4ndigkeit oder Qualit\u00e4t der bereitgestellten Informationen. Haftungsanspr\u00fcche gegen den Autor, die&hellip;<\/p>\n","protected":false},"author":4,"featured_media":0,"parent":0,"menu_order":0,"comment_status":"closed","ping_status":"closed","template":"","meta":{"footnotes":""},"class_list":["post-1758","page","type-page","status-publish","hentry"],"_links":{"self":[{"href":"https:\/\/ferienwohnungen-hauser.at\/hr\/wp-json\/wp\/v2\/pages\/1758","targetHints":{"allow":["GET"]}}],"collection":[{"href":"https:\/\/ferienwohnungen-hauser.at\/hr\/wp-json\/wp\/v2\/pages"}],"about":[{"href":"https:\/\/ferienwohnungen-hauser.at\/hr\/wp-json\/wp\/v2\/types\/page"}],"author":[{"embeddable":true,"href":"https:\/\/ferienwohnungen-hauser.at\/hr\/wp-json\/wp\/v2\/users\/4"}],"replies":[{"embeddable":true,"href":"https:\/\/ferienwohnungen-hauser.at\/hr\/wp-json\/wp\/v2\/comments?post=1758"}],"version-history":[{"count":4,"href":"https:\/\/ferienwohnungen-hauser.at\/hr\/wp-json\/wp\/v2\/pages\/1758\/revisions"}],"predecessor-version":[{"id":1825,"href":"https:\/\/ferienwohnungen-hauser.at\/hr\/wp-json\/wp\/v2\/pages\/1758\/revisions\/1825"}],"wp:attachment":[{"href":"https:\/\/ferienwohnungen-hauser.at\/hr\/wp-json\/wp\/v2\/media?parent=1758"}],"curies":[{"name":"wp","href":"https:\/\/api.w.org\/{rel}","templated":true}]}}